{"id":608,"date":"2024-04-05T11:06:58","date_gmt":"2024-04-05T09:06:58","guid":{"rendered":"https:\/\/www.assoejb.fr\/?page_id=608"},"modified":"2024-06-04T13:54:57","modified_gmt":"2024-06-04T11:54:57","slug":"inscription","status":"publish","type":"page","link":"https:\/\/www.assoejb.fr\/index.php\/inscription\/","title":{"rendered":"Inscriptions"},"content":{"rendered":"\n<div class=\"wp-block-uagb-container uagb-block-a1aabefd alignfull uagb-is-root-container\"><div class=\"uagb-container-inner-blocks-wrap\">\n<div class=\"wp-block-group has-border-color has-heading-border-color has-global-padding is-layout-constrained wp-container-core-group-is-layout-84106337 wp-block-group-is-layout-constrained\" style=\"border-width:1px;padding-top:10px;padding-right:10px;padding-bottom:10px;padding-left:10px\">\n<h1 class=\"wp-block-heading has-text-align-center\"><strong><em>Inscriptions<\/em><\/strong><\/h1>\n\n\n\n<p class=\"has-text-align-center has-x-large-font-size\"><mark style=\"background-color:rgba(0, 0, 0, 0);color:#ff0000\" class=\"has-inline-color\"><strong>\u26a0 ATTENTION Seul les dossiers valid\u00e9s par la mairie seront pris en compte<\/strong><\/mark> (les services de la mairie nous les adressent directement).<\/p>\n<\/div>\n\n\n\n<div class=\"wp-block-uagb-container uagb-block-09c6ef9d\">\n<div class=\"wp-block-uagb-image uagb-block-25930471 wp-block-uagb-image--layout-default wp-block-uagb-image--effect-static wp-block-uagb-image--align-none\"><figure class=\"wp-block-uagb-image__figure\"><img decoding=\"async\" srcset=\"https:\/\/www.assoejb.fr\/wp-content\/uploads\/2024\/04\/logo-biguglia.png ,https:\/\/www.assoejb.fr\/wp-content\/uploads\/2024\/04\/logo-biguglia.png 780w, https:\/\/www.assoejb.fr\/wp-content\/uploads\/2024\/04\/logo-biguglia.png 360w\" sizes=\"auto, (max-width: 480px) 150px\" src=\"https:\/\/www.assoejb.fr\/wp-content\/uploads\/2024\/04\/logo-biguglia.png\" alt=\"\" class=\"uag-image-625\" width=\"248\" height=\"117\" title=\"logo-biguglia\" loading=\"lazy\" role=\"img\"\/><\/figure><\/div>\n<\/div>\n\n\n\n<div class=\"wp-block-uagb-container uagb-block-92512b8a\">\n<h2 class=\"wp-block-heading has-text-align-center\">Biguglia<\/h2>\n\n\n\n<p>Pour vous inscrire, il convient de proc\u00e9der comme suit : remplir le dossier ci-dessous; l&rsquo;envoyer \u00e0 la mairie de Biguglia et attendre la validation de celui-ci.<\/p>\n\n\n\n<p>Dossier d&rsquo;inscription &#8211;> Document sur le site officiel de la <a href=\"https:\/\/biguglia.corsica\/scolarite\/\" data-type=\"link\" data-id=\"https:\/\/biguglia.corsica\/scolarite\/\"><mark style=\"background-color:rgba(0, 0, 0, 0)\" class=\"has-inline-color has-primary-color\">Mairie de Biguglia<\/mark><\/a><\/p>\n<\/div>\n\n\n\n<div class=\"wp-block-uagb-container uagb-block-23dcb828\">\n<h2 class=\"wp-block-heading has-text-align-center\">Borgo<\/h2>\n\n\n\n<p>Pour vous inscrire, il convient de proc\u00e9der comme suit : remplir le dossier ci dessous; l&rsquo;envoyer \u00e0 la mairie de Borgo et attendre la validation de celui-ci.  <\/p>\n\n\n\n<p>Dossier d&rsquo;inscription &#8211;&gt; Document sur le site officiel de la <a href=\"https:\/\/ville-borgo.com\/inscriptions-scolaires-24-25\/\"><mark style=\"background-color:rgba(0, 0, 0, 0)\" class=\"has-inline-color has-primary-color\">Mairie de Borgo<\/mark><\/a><\/p>\n<\/div>\n\n\n\n<div class=\"wp-block-uagb-container uagb-block-3b64f4ca\">\n<div class=\"wp-block-uagb-image uagb-block-3907bbef wp-block-uagb-image--layout-default wp-block-uagb-image--effect-static wp-block-uagb-image--align-none\"><figure class=\"wp-block-uagb-image__figure\"><img decoding=\"async\" srcset=\"https:\/\/www.assoejb.fr\/wp-content\/uploads\/2024\/04\/cropped-logo-borgo-3.webp ,https:\/\/www.assoejb.fr\/wp-content\/uploads\/2024\/04\/cropped-logo-borgo-3.webp 780w, https:\/\/www.assoejb.fr\/wp-content\/uploads\/2024\/04\/cropped-logo-borgo-3.webp 360w\" sizes=\"auto, (max-width: 480px) 150px\" src=\"https:\/\/www.assoejb.fr\/wp-content\/uploads\/2024\/04\/cropped-logo-borgo-3.webp\" alt=\"\" class=\"uag-image-640\" width=\"248\" height=\"248\" title=\"cropped-logo-borgo-3\" loading=\"lazy\" role=\"img\"\/><\/figure><\/div>\n<\/div>\n\n\n\n<div class=\"wp-block-uagb-container uagb-block-f29cb8ba\">\n<div class=\"wp-block-uagb-image uagb-block-997f5276 wp-block-uagb-image--layout-default wp-block-uagb-image--effect-static wp-block-uagb-image--align-none\"><figure class=\"wp-block-uagb-image__figure\"><img decoding=\"async\" srcset=\"https:\/\/www.assoejb.fr\/wp-content\/uploads\/2024\/04\/castellare.webp ,https:\/\/www.assoejb.fr\/wp-content\/uploads\/2024\/04\/castellare.webp 780w, https:\/\/www.assoejb.fr\/wp-content\/uploads\/2024\/04\/castellare.webp 360w\" sizes=\"auto, (max-width: 480px) 150px\" src=\"https:\/\/www.assoejb.fr\/wp-content\/uploads\/2024\/04\/castellare.webp\" alt=\"\" class=\"uag-image-627\" width=\"248\" height=\"141\" title=\"castellare\" loading=\"lazy\" role=\"img\"\/><\/figure><\/div>\n<\/div>\n\n\n\n<div class=\"wp-block-uagb-container uagb-block-108f516a\">\n<h2 class=\"wp-block-heading has-text-align-center\">Castellare<\/h2>\n\n\n\n<p>Pour vous inscrire, il convient de proc\u00e9der comme suit : contacter la mairie de Castellare Di Casinca pour r\u00e9cup\u00e9rer le dossier, le compl\u00e9ter et le remettre \u00e0 la mairie de Castellare Di Casinca; attendre la validation de celui-ci.<\/p>\n\n\n\n<p>Dossier d&rsquo;inscription &#8211;&gt; Contacter la Mairie de Castellare Di Casinca<\/p>\n<\/div>\n<\/div><\/div>\n","protected":false},"excerpt":{"rendered":"<p>Inscriptions \u26a0 ATTENTION Seul les dossiers valid\u00e9s par la mairie seront pris en compte (les services de la mairie nous les adressent directement). Biguglia Pour vous inscrire, il convient de proc\u00e9der comme suit : remplir le dossier ci-dessous; l&rsquo;envoyer \u00e0 la mairie de Biguglia et attendre la validation de celui-ci. Dossier d&rsquo;inscription &#8211;> Document sur [&hellip;]<\/p>\n","protected":false},"author":3,"featured_media":0,"parent":0,"menu_order":0,"comment_status":"closed","ping_status":"closed","template":"","meta":{"_uag_custom_page_level_css":"","_swt_meta_header_display":false,"_swt_meta_footer_display":false,"_swt_meta_site_title_display":true,"_swt_meta_sticky_header":false,"_swt_meta_transparent_header":false,"footnotes":""},"class_list":["post-608","page","type-page","status-publish","hentry"],"uagb_featured_image_src":{"full":false,"thumbnail":false,"medium":false,"medium_large":false,"large":false,"1536x1536":false,"2048x2048":false},"uagb_author_info":{"display_name":"Red Fang","author_link":"https:\/\/www.assoejb.fr\/index.php\/author\/redfang145321\/"},"uagb_comment_info":0,"uagb_excerpt":"Inscriptions \u26a0 ATTENTION Seul les dossiers valid\u00e9s par la mairie seront pris en compte (les services de la mairie nous les adressent directement). Biguglia Pour vous inscrire, il convient de proc\u00e9der comme suit : remplir le dossier ci-dessous; l&rsquo;envoyer \u00e0 la mairie de Biguglia et attendre la validation de celui-ci. Dossier d&rsquo;inscription &#8211;> Document sur\u2026","_links":{"self":[{"href":"https:\/\/www.assoejb.fr\/index.php\/wp-json\/wp\/v2\/pages\/608","targetHints":{"allow":["GET"]}}],"collection":[{"href":"https:\/\/www.assoejb.fr\/index.php\/wp-json\/wp\/v2\/pages"}],"about":[{"href":"https:\/\/www.assoejb.fr\/index.php\/wp-json\/wp\/v2\/types\/page"}],"author":[{"embeddable":true,"href":"https:\/\/www.assoejb.fr\/index.php\/wp-json\/wp\/v2\/users\/3"}],"replies":[{"embeddable":true,"href":"https:\/\/www.assoejb.fr\/index.php\/wp-json\/wp\/v2\/comments?post=608"}],"version-history":[{"count":39,"href":"https:\/\/www.assoejb.fr\/index.php\/wp-json\/wp\/v2\/pages\/608\/revisions"}],"predecessor-version":[{"id":930,"href":"https:\/\/www.assoejb.fr\/index.php\/wp-json\/wp\/v2\/pages\/608\/revisions\/930"}],"wp:attachment":[{"href":"https:\/\/www.assoejb.fr\/index.php\/wp-json\/wp\/v2\/media?parent=608"}],"curies":[{"name":"wp","href":"https:\/\/api.w.org\/{rel}","templated":true}]}}