{"id":341,"date":"2024-03-20T17:12:56","date_gmt":"2024-03-20T16:12:56","guid":{"rendered":"https:\/\/www.assoejb.fr\/?page_id=341"},"modified":"2025-04-23T15:51:27","modified_gmt":"2025-04-23T13:51:27","slug":"activites","status":"publish","type":"page","link":"https:\/\/www.assoejb.fr\/index.php\/activites\/","title":{"rendered":"Activit\u00e9s"},"content":{"rendered":"\n<hr class=\"wp-block-separator has-alpha-channel-opacity\"\/>\n\n\n\n<div class=\"wp-block-uagb-container uagb-block-2dce3fc9 alignfull uagb-is-root-container\"><div class=\"uagb-container-inner-blocks-wrap\">\n<div class=\"wp-block-group alignwide has-global-padding is-layout-constrained wp-container-core-group-is-layout-541c363b wp-block-group-is-layout-constrained\" style=\"border-style:none;border-width:0px;min-height:0px;padding-top:var(--wp--preset--spacing--x-small);padding-bottom:var(--wp--preset--spacing--x-small)\">\n<h1 class=\"wp-block-heading has-text-align-center\">Les activit\u00e9s au Centre de loisirs<\/h1>\n\n\n\n<h3 class=\"wp-block-heading alignwide has-text-align-center\"><strong>Artistiques, sportives, culturelles ou autres, leur objectif est le m\u00eame: contribuer \u00e0 l\u2019\u00e9panouissement de l\u2019enfant.<\/strong><\/h3>\n\n\n\n<h3 class=\"wp-block-heading has-text-align-center\">Elles vont lui permettre de se construire et d\u2019apprendre \u00e0 maitriser son environnement.<\/h3>\n\n\n\n<div class=\"wp-block-group has-global-padding is-layout-constrained wp-block-group-is-layout-constrained\">\n<p style=\"padding-top:10px\">A l\u2019oppos\u00e9 d\u2019une d\u00e9marche d\u2019activit\u00e9s de consommation, l\u2019\u00e9quipe p\u00e9dagogique met en place des activit\u00e9s diversifi\u00e9es r\u00e9pondant aux besoins des enfants:<\/p>\n<\/div>\n<\/div>\n\n\n\n<div class=\"wp-block-uagb-container uagb-block-df605e24\">\n<ul style=\"margin-top:0;margin-right:0;margin-bottom:0;margin-left:0;padding-top:0px;padding-right:0;padding-bottom:0px;padding-left:100px\" class=\"wp-block-list\">\n<li><strong><mark style=\"background-color:rgba(0, 0, 0, 0);color:#ff0000\" class=\"has-inline-color\">besoin de d\u00e9couvrir et d\u2019apprendre<\/mark><\/strong> de nouvelles choses en proposant des activit\u00e9s riches et vari\u00e9es (d\u00e9couverte de diff\u00e9rentes techniques de peinture, d\u2019autres cultures par le chant et la danse par exemple\u2026).<\/li>\n<\/ul>\n\n\n\n<ul style=\"padding-top:0px;padding-bottom:0px;padding-left:200px\" class=\"wp-block-list\">\n<li><strong><mark style=\"background-color:rgba(0, 0, 0, 0);color:#00d218\" class=\"has-inline-color\">besoin de se d\u00e9penser:<\/mark><\/strong>&nbsp;jeux sportifs, parcours de motricit\u00e9\u2026<\/li>\n<\/ul>\n\n\n\n<ul style=\"padding-top:0px;padding-bottom:0px;padding-left:300px\" class=\"wp-block-list\">\n<li><strong><mark style=\"background-color:rgba(0, 0, 0, 0);color:#3c8ed9\" class=\"has-inline-color\">besoin de s\u2019\u00e9vader<\/mark><\/strong> en les aidant \u00e0 d\u00e9velopper leur imaginaire.<\/li>\n<\/ul>\n\n\n\n<ul style=\"padding-top:0px;padding-bottom:0px;padding-left:400px\" class=\"wp-block-list\">\n<li><strong><mark style=\"background-color:rgba(0, 0, 0, 0);color:#dd10c5\" class=\"has-inline-color\">besoin d\u2019autonomie<\/mark><\/strong> en encourageant la prise d\u2019initiatives, en sollicitant leur aide dans la pr\u00e9paration et le rangement des activit\u00e9s par exemple\u2026.<\/li>\n<\/ul>\n\n\n\n<ul style=\"padding-top:0px;padding-bottom:0px;padding-left:500px\" class=\"wp-block-list\">\n<li><strong>besoin de se reposer<\/strong> par la mise en place d\u2019espace de d\u00e9tente et de lecture\u2026<\/li>\n<\/ul>\n<\/div>\n\n\n\n<div class=\"wp-block-uagb-container uagb-block-94690ea3\">\n<div class=\"wp-block-uagb-separator uagb-block-1140ce05 wp-block-uagb-separator--icon\"><div class=\"uagb-separator-spacing-wrapper\"><div class=\"wp-block-uagb-separator__inner\" style=\"--my-background-image:\"><div class=\"wp-block-uagb-separator-element\"><svg xmlns=\"https:\/\/www.w3.org\/2000\/svg\" viewBox=\"0 0 640 512\"><path d=\"M95.1 64C95.1 28.65 124.7 0 159.1 0C195.3 0 223.1 28.65 223.1 64C223.1 99.35 195.3 128 159.1 128C124.7 128 95.1 99.35 95.1 64zM88 480V400H70.2C59.28 400 51.57 389.3 55.02 378.9L86.16 285.5L57.5 323.3C46.82 337.4 26.75 340.2 12.67 329.5C-1.415 318.8-4.175 298.7 6.503 284.7L65.4 206.1C87.84 177.4 122.9 160 160 160C197.2 160 232.2 177.4 254.6 206.1L313.5 284.7C324.2 298.7 321.4 318.8 307.3 329.5C293.3 340.2 273.2 337.4 262.5 323.3L233.9 285.6L264.1 378.9C268.4 389.3 260.7 400 249.8 400H232V480C232 497.7 217.7 512 200 512C182.3 512 168 497.7 168 480V400H152V480C152 497.7 137.7 512 120 512C102.3 512 88 497.7 88 480H88zM416 64C416 28.65 444.7 0 480 0C515.3 0 544 28.65 544 64C544 99.35 515.3 128 480 128C444.7 128 416 99.35 416 64V64zM472 384V480C472 497.7 457.7 512 440 512C422.3 512 408 497.7 408 480V300.5L395.1 321C385.7 336 365.9 340.5 350.1 331.1C336 321.7 331.5 301.9 340.9 286.1L392.6 204.9C410.2 176.9 440.9 159.1 473.8 159.1H486.2C519.2 159.1 549.8 176.9 567.4 204.9L619.1 286.1C628.5 301.9 624 321.7 609 331.1C594.1 340.5 574.3 336 564.9 321L552 300.5V480C552 497.7 537.7 512 520 512C502.3 512 488 497.7 488 480V384L472 384z\"><\/path><\/svg><\/div><\/div><\/div><\/div>\n\n\n\n<h2 class=\"wp-block-heading has-text-align-center has-text-color has-link-color wp-elements-cd9a07dbceeb31f2bdfeb759f00018fe\" style=\"color:#ff0000;margin-top:87px;margin-right:0px;margin-bottom:0px;margin-left:0px;text-decoration:underline\">Les activit\u00e9s seront d\u00e9clin\u00e9es de la fa\u00e7on suivante:<\/h2>\n\n\n\n<div class=\"wp-block-uagb-container uagb-block-c9afaa42 alignfull uagb-is-root-container\"><div class=\"uagb-container-inner-blocks-wrap\">\n<div data-aos= \"flip-up\" data-aos-duration=\"400\" data-aos-delay=\"0\" data-aos-easing=\"ease\" data-aos-once=\"true\" class=\"wp-block-uagb-container uagb-block-911621cc alignfull uagb-is-root-container\"><div class=\"uagb-container-inner-blocks-wrap\">\n<div class=\"wp-block-uagb-container uagb-block-2dc29a5f\">\n<div class=\"wp-block-uagb-image uagb-block-916560a5 wp-block-uagb-image--layout-default wp-block-uagb-image--effect-static wp-block-uagb-image--align-none wp-block-heading\"><figure class=\"wp-block-uagb-image__figure\"><img decoding=\"async\" srcset=\"https:\/\/www.assoejb.fr\/wp-content\/uploads\/2024\/03\/1-page-001-removebg-preview.png ,https:\/\/www.assoejb.fr\/wp-content\/uploads\/2024\/03\/1-page-001-removebg-preview.png 780w, https:\/\/www.assoejb.fr\/wp-content\/uploads\/2024\/03\/1-page-001-removebg-preview.png 360w\" sizes=\"auto, (max-width: 480px) 150px\" src=\"https:\/\/www.assoejb.fr\/wp-content\/uploads\/2024\/03\/1-page-001-removebg-preview.png\" alt=\"\" class=\"uag-image-504\" width=\"420\" height=\"594\" title=\"1-page-001-removebg-preview\" loading=\"lazy\" role=\"img\"\/><\/figure><\/div>\n<\/div>\n\n\n\n<div class=\"wp-block-uagb-container uagb-block-ba84c53d\"><div class=\"uagb-container__shape uagb-container__shape-top uagb-container__shape-flip\"><svg xmlns=\"https:\/\/www.w3.org\/2000\/svg\" viewBox=\"0 0 283.5 27.8\" preserveAspectRatio=\"xMidYMax slice\"><path class=\"uagb-container__shape-fill\" d=\"M0 0v1.4c.6.7 1.1 1.4 1.4 2 2 3.8 2.2 6.6 1.8 10.8-.3 3.3-2.4 9.4 0 12.3 1.7 2 3.7 1.4 4.6-.9 1.4-3.8-.7-8.2-.6-12 .1-3.7 3.2-5.5 6.9-4.9 4 .6 4.8 4 4.9 7.4.1 1.8-1.1 7 0 8.5.6.8 1.6 1.2 2.4.5 1.4-1.1.1-5.4.1-6.9.1-3.7.3-8.6 4.1-10.5 5-2.5 6.2 1.6 5.4 5.6-.4 1.7-1 9.2 2.9 6.3 1.5-1.1.7-3.5.5-4.9-.4-2.4-.4-4.3 1-6.5.9-1.4 2.4-3.1 4.2-3 2.4.1 2.7 2.2 4 3.7 1.5 1.8 1.8 2.2 3 .1 1.1-1.9 1.2-2.8 3.6-3.3 1.3-.3 4.8-1.4 5.9-.5 1.5 1.1.6 2.8.4 4.3-.2 1.1-.6 4 1.8 3.4 1.7-.4-.3-4.1.6-5.6 1.3-2.2 5.8-1.4 7 .5 1.3 2.1.5 5.8.1 8.1s-1.2 5-.6 7.4c1.3 5.1 4.4.9 4.3-2.4-.1-4.4-2-8.8-.5-13 .9-2.4 4.6-6.6 7.7-4.5 2.7 1.8.5 7.8.2 10.3-.2 1.7-.8 4.6.2 6.2.9 1.4 2 1.5 2.6-.3.5-1.5-.9-4.5-1-6.1-.2-1.7-.4-3.7.2-5.4 1.8-5.6 3.5 2.4 6.3.6 1.4-.9 4.3-9.4 6.1-3.1.6 2.2-1.3 7.8.7 8.9 4.2 2.3 1.5-7.1 2.2-8 3.1-4 4.7 3.8 6.1 4.1 3.1.7 2.8-7.9 8.1-4.5 1.7 1.1 2.9 3.3 3.2 5.2.4 2.2-1 4.5-.6 6.6 1 4.3 4.4 1.5 4.4-1.7 0-2.7-3-8.3 1.4-9.1 4.4-.9 7.3 3.5 7.8 6.9.3 2-1.5 10.9 1.3 11.3 4.1.6-3.2-15.7 4.8-15.8 4.7-.1 2.8 4.1 3.9 6.6 1 2.4 2.1 1 2.3-.8.3-1.9-.9-3.2 1.3-4.3 5.9-2.9 5.9 5.4 5.5 8.5-.3 2-1.7 8.4 2 8.1 6.9-.5-2.8-16.9 4.8-18.7 4.7-1.2 6.1 3.6 6.3 7.1.1 1.7-1.2 8.1.6 9.1 3.5 2 1.9-7 2-8.4.2-4 1.2-9.6 6.4-9.8 4.7-.2 3.2 4.6 2.7 7.5-.4 2.2 1.3 8.6 3.8 4.4 1.1-1.9-.3-4.1-.3-6 0-1.7.4-3.2 1.3-4.6 1-1.6 2.9-3.5 5.1-2.9 2.5.6 2.3 4.1 4.1 4.9 1.9.8 1.6-.9 2.3-2.1 1.2-2.1 2.1-2.1 4.4-2.4 1.4-.2 3.6-1.5 4.9-.5 2.3 1.7-.7 4.4.1 6.5.6 1.5 2.1 1.7 2.8.3.7-1.4-1.1-3.4-.3-4.8 1.4-2.5 6.2-1.2 7.2 1 2.3 4.8-3.3 12-.2 16.3 3 4.1 3.9-2.8 3.8-4.8-.4-4.3-2.1-8.9 0-13.1 1.3-2.5 5.9-5.7 7.9-2.4 2 3.2-1.3 9.8-.8 13.4.5 4.4 3.5 3.3 2.7-.8-.4-1.9-2.4-10 .6-11.1 3.7-1.4 2.8 7.2 6.5.4 2.2-4.1 4.9-3.1 5.2 1.2.1 1.5-.6 3.1-.4 4.6.2 1.9 1.8 3.7 3.3 1.3 1-1.6-2.6-10.4 2.9-7.3 2.6 1.5 1.6 6.5 4.8 2.7 1.3-1.5 1.7-3.6 4-3.7 2.2-.1 4 2.3 4.8 4.1 1.3 2.9-1.5 8.4.9 10.3 4.2 3.3 3-5.5 2.7-6.9-.6-3.9 1-7.2 5.5-5 4.1 2.1 4.3 7.7 4.1 11.6 0 .8-.6 9.5 2.5 5.2 1.2-1.7-.1-7.7.1-9.6.3-2.9 1.2-5.5 4.3-6.2 4.5-1 7.7 1.5 7.4 5.8-.2 3.5-1.8 7.7-.5 11.1 1 2.7 3.6 2.8 5 .2 1.6-3.1 0-8.3-.4-11.6-.4-4.2-.2-7 1.8-10.8 0 0-.1.1-.1.2-.2.4-.3.7-.4.8v.1c-.1.2-.1.2 0 0v-.1l.4-.8c0-.1.1-.1.1-.2.2-.4.5-.8.8-1.2V0H0zM282.7 3.4z\"><\/path><\/svg><\/div>\n<div class=\"wp-block-group has-global-padding is-layout-constrained wp-block-group-is-layout-constrained\">\n<h2 class=\"wp-block-heading has-text-align-center has-text-color has-link-color wp-elements-354c49d2230b4d89f6f889a2bb94c050\" style=\"color:#006aff;padding-top:30px;line-height:1.5;text-decoration:underline\">Activit\u00e9s d\u2019expression :<\/h2>\n\n\n\n<ul class=\"wp-block-list\">\n<li><strong>Activit\u00e9s artistiques manuelles:<\/strong> alternance des techniques (peinture, collage,\u2026), des supports (carton, papier, tissus, pierre,\u2026), du mat\u00e9riel &nbsp;(papier, \u00e9l\u00e9ments naturels\u2026) et des outils (pinceaux, doigts, \u00e9ponges, ciseaux,\u2026).Les enfants apprennent \u00e0 reproduire un mod\u00e8le tout en y ajoutant leur touche personnelle.<\/li>\n\n\n\n<li><strong>Activit\u00e9s artistiques d\u2019expression corporelle:<\/strong> chant, danse, th\u00e9\u00e2tre, musique, cirque, cin\u00e9ma \u2026<\/li>\n<\/ul>\n<\/div>\n<\/div>\n<\/div><\/div>\n\n\n\n<div style=\"height:61px\" aria-hidden=\"true\" class=\"wp-block-spacer\"><\/div>\n\n\n\n<div data-aos= \"slide-right\" data-aos-duration=\"400\" data-aos-delay=\"0\" data-aos-easing=\"ease\" data-aos-once=\"true\" class=\"wp-block-uagb-container uagb-block-8ec22378 alignfull uagb-is-root-container\"><div class=\"uagb-container-inner-blocks-wrap\">\n<div class=\"wp-block-uagb-container uagb-block-42ad2bf8\"><div class=\"uagb-container__shape uagb-container__shape-top uagb-container__shape-flip\"><svg xmlns=\"https:\/\/www.w3.org\/2000\/svg\" viewBox=\"0 0 283.5 27.8\" preserveAspectRatio=\"xMidYMax slice\"><path class=\"uagb-container__shape-fill\" d=\"M0 0v1.4c.6.7 1.1 1.4 1.4 2 2 3.8 2.2 6.6 1.8 10.8-.3 3.3-2.4 9.4 0 12.3 1.7 2 3.7 1.4 4.6-.9 1.4-3.8-.7-8.2-.6-12 .1-3.7 3.2-5.5 6.9-4.9 4 .6 4.8 4 4.9 7.4.1 1.8-1.1 7 0 8.5.6.8 1.6 1.2 2.4.5 1.4-1.1.1-5.4.1-6.9.1-3.7.3-8.6 4.1-10.5 5-2.5 6.2 1.6 5.4 5.6-.4 1.7-1 9.2 2.9 6.3 1.5-1.1.7-3.5.5-4.9-.4-2.4-.4-4.3 1-6.5.9-1.4 2.4-3.1 4.2-3 2.4.1 2.7 2.2 4 3.7 1.5 1.8 1.8 2.2 3 .1 1.1-1.9 1.2-2.8 3.6-3.3 1.3-.3 4.8-1.4 5.9-.5 1.5 1.1.6 2.8.4 4.3-.2 1.1-.6 4 1.8 3.4 1.7-.4-.3-4.1.6-5.6 1.3-2.2 5.8-1.4 7 .5 1.3 2.1.5 5.8.1 8.1s-1.2 5-.6 7.4c1.3 5.1 4.4.9 4.3-2.4-.1-4.4-2-8.8-.5-13 .9-2.4 4.6-6.6 7.7-4.5 2.7 1.8.5 7.8.2 10.3-.2 1.7-.8 4.6.2 6.2.9 1.4 2 1.5 2.6-.3.5-1.5-.9-4.5-1-6.1-.2-1.7-.4-3.7.2-5.4 1.8-5.6 3.5 2.4 6.3.6 1.4-.9 4.3-9.4 6.1-3.1.6 2.2-1.3 7.8.7 8.9 4.2 2.3 1.5-7.1 2.2-8 3.1-4 4.7 3.8 6.1 4.1 3.1.7 2.8-7.9 8.1-4.5 1.7 1.1 2.9 3.3 3.2 5.2.4 2.2-1 4.5-.6 6.6 1 4.3 4.4 1.5 4.4-1.7 0-2.7-3-8.3 1.4-9.1 4.4-.9 7.3 3.5 7.8 6.9.3 2-1.5 10.9 1.3 11.3 4.1.6-3.2-15.7 4.8-15.8 4.7-.1 2.8 4.1 3.9 6.6 1 2.4 2.1 1 2.3-.8.3-1.9-.9-3.2 1.3-4.3 5.9-2.9 5.9 5.4 5.5 8.5-.3 2-1.7 8.4 2 8.1 6.9-.5-2.8-16.9 4.8-18.7 4.7-1.2 6.1 3.6 6.3 7.1.1 1.7-1.2 8.1.6 9.1 3.5 2 1.9-7 2-8.4.2-4 1.2-9.6 6.4-9.8 4.7-.2 3.2 4.6 2.7 7.5-.4 2.2 1.3 8.6 3.8 4.4 1.1-1.9-.3-4.1-.3-6 0-1.7.4-3.2 1.3-4.6 1-1.6 2.9-3.5 5.1-2.9 2.5.6 2.3 4.1 4.1 4.9 1.9.8 1.6-.9 2.3-2.1 1.2-2.1 2.1-2.1 4.4-2.4 1.4-.2 3.6-1.5 4.9-.5 2.3 1.7-.7 4.4.1 6.5.6 1.5 2.1 1.7 2.8.3.7-1.4-1.1-3.4-.3-4.8 1.4-2.5 6.2-1.2 7.2 1 2.3 4.8-3.3 12-.2 16.3 3 4.1 3.9-2.8 3.8-4.8-.4-4.3-2.1-8.9 0-13.1 1.3-2.5 5.9-5.7 7.9-2.4 2 3.2-1.3 9.8-.8 13.4.5 4.4 3.5 3.3 2.7-.8-.4-1.9-2.4-10 .6-11.1 3.7-1.4 2.8 7.2 6.5.4 2.2-4.1 4.9-3.1 5.2 1.2.1 1.5-.6 3.1-.4 4.6.2 1.9 1.8 3.7 3.3 1.3 1-1.6-2.6-10.4 2.9-7.3 2.6 1.5 1.6 6.5 4.8 2.7 1.3-1.5 1.7-3.6 4-3.7 2.2-.1 4 2.3 4.8 4.1 1.3 2.9-1.5 8.4.9 10.3 4.2 3.3 3-5.5 2.7-6.9-.6-3.9 1-7.2 5.5-5 4.1 2.1 4.3 7.7 4.1 11.6 0 .8-.6 9.5 2.5 5.2 1.2-1.7-.1-7.7.1-9.6.3-2.9 1.2-5.5 4.3-6.2 4.5-1 7.7 1.5 7.4 5.8-.2 3.5-1.8 7.7-.5 11.1 1 2.7 3.6 2.8 5 .2 1.6-3.1 0-8.3-.4-11.6-.4-4.2-.2-7 1.8-10.8 0 0-.1.1-.1.2-.2.4-.3.7-.4.8v.1c-.1.2-.1.2 0 0v-.1l.4-.8c0-.1.1-.1.1-.2.2-.4.5-.8.8-1.2V0H0zM282.7 3.4z\"><\/path><\/svg><\/div>\n<div class=\"wp-block-group has-global-padding is-layout-constrained wp-block-group-is-layout-constrained\">\n<h2 class=\"wp-block-heading has-text-align-center has-text-color has-link-color wp-elements-3bb14a4c91d56c60409265c4dec65dd8\" style=\"color:#006aff;padding-top:30px;text-decoration:underline\">Les jeux et grands jeux :<\/h2>\n\n\n\n<ul class=\"wp-block-list\">\n<li><strong>Activit\u00e9s sportives<\/strong> ne n\u00e9cessitant pas la pr\u00e9sence d\u2019un animateur sp\u00e9cialis\u00e9: sports collectifs et individuels.<\/li>\n\n\n\n<li><strong>Jeux de soci\u00e9t\u00e9 et activit\u00e9s de temps calmes:<\/strong> puzzles, m\u00e9mories, loto, jeux de construction, jeux de cartes\u2026<\/li>\n\n\n\n<li><strong>Grands jeux organis\u00e9s:<\/strong> chasse au tr\u00e9sor, jeu de piste, parcours du combattant\u2026<\/li>\n\n\n\n<li><strong>kermesse et olympiades.<\/strong><\/li>\n<\/ul>\n<\/div>\n<\/div>\n\n\n\n<div class=\"wp-block-uagb-container uagb-block-20a0bd12\">\n<div class=\"wp-block-uagb-image uagb-block-a0556bca wp-block-uagb-image--layout-default wp-block-uagb-image--effect-static wp-block-uagb-image--align-none\"><figure class=\"wp-block-uagb-image__figure\"><img decoding=\"async\" srcset=\"https:\/\/www.assoejb.fr\/wp-content\/uploads\/2024\/03\/houla_hop-page-001-removebg-preview.png ,https:\/\/www.assoejb.fr\/wp-content\/uploads\/2024\/03\/houla_hop-page-001-removebg-preview.png 780w, https:\/\/www.assoejb.fr\/wp-content\/uploads\/2024\/03\/houla_hop-page-001-removebg-preview.png 360w\" sizes=\"auto, (max-width: 480px) 150px\" src=\"https:\/\/www.assoejb.fr\/wp-content\/uploads\/2024\/03\/houla_hop-page-001-removebg-preview.png\" alt=\"\" class=\"uag-image-505\" width=\"420\" height=\"594\" title=\"houla_hop-page-001-removebg-preview\" loading=\"lazy\" role=\"img\"\/><\/figure><\/div>\n<\/div>\n<\/div><\/div>\n\n\n\n<div style=\"height:62px\" aria-hidden=\"true\" class=\"wp-block-spacer\"><\/div>\n\n\n\n<div data-aos= \"slide-left\" data-aos-duration=\"400\" data-aos-delay=\"0\" data-aos-easing=\"ease\" data-aos-once=\"true\" class=\"wp-block-uagb-container uagb-block-033df395 alignfull uagb-is-root-container\"><div class=\"uagb-container-inner-blocks-wrap\">\n<div class=\"wp-block-uagb-container uagb-block-0a766d8a\">\n<div class=\"wp-block-uagb-image uagb-block-ba89f542 wp-block-uagb-image--layout-default wp-block-uagb-image--effect-static wp-block-uagb-image--align-none\"><figure class=\"wp-block-uagb-image__figure\"><img decoding=\"async\" srcset=\"https:\/\/www.assoejb.fr\/wp-content\/uploads\/2024\/03\/boots-g34b7b89e0_640-removebg-preview.png ,https:\/\/www.assoejb.fr\/wp-content\/uploads\/2024\/03\/boots-g34b7b89e0_640-removebg-preview.png 780w, https:\/\/www.assoejb.fr\/wp-content\/uploads\/2024\/03\/boots-g34b7b89e0_640-removebg-preview.png 360w\" sizes=\"auto, (max-width: 480px) 150px\" src=\"https:\/\/www.assoejb.fr\/wp-content\/uploads\/2024\/03\/boots-g34b7b89e0_640-removebg-preview.png\" alt=\"\" class=\"uag-image-506\" width=\"545\" height=\"458\" title=\"boots-g34b7b89e0_640-removebg-preview\" loading=\"lazy\" role=\"img\"\/><\/figure><\/div>\n<\/div>\n\n\n\n<div class=\"wp-block-uagb-container uagb-block-06c12c81\"><div class=\"uagb-container__shape uagb-container__shape-top uagb-container__shape-flip\"><svg xmlns=\"https:\/\/www.w3.org\/2000\/svg\" viewBox=\"0 0 283.5 27.8\" preserveAspectRatio=\"xMidYMax slice\"><path class=\"uagb-container__shape-fill\" d=\"M0 0v1.4c.6.7 1.1 1.4 1.4 2 2 3.8 2.2 6.6 1.8 10.8-.3 3.3-2.4 9.4 0 12.3 1.7 2 3.7 1.4 4.6-.9 1.4-3.8-.7-8.2-.6-12 .1-3.7 3.2-5.5 6.9-4.9 4 .6 4.8 4 4.9 7.4.1 1.8-1.1 7 0 8.5.6.8 1.6 1.2 2.4.5 1.4-1.1.1-5.4.1-6.9.1-3.7.3-8.6 4.1-10.5 5-2.5 6.2 1.6 5.4 5.6-.4 1.7-1 9.2 2.9 6.3 1.5-1.1.7-3.5.5-4.9-.4-2.4-.4-4.3 1-6.5.9-1.4 2.4-3.1 4.2-3 2.4.1 2.7 2.2 4 3.7 1.5 1.8 1.8 2.2 3 .1 1.1-1.9 1.2-2.8 3.6-3.3 1.3-.3 4.8-1.4 5.9-.5 1.5 1.1.6 2.8.4 4.3-.2 1.1-.6 4 1.8 3.4 1.7-.4-.3-4.1.6-5.6 1.3-2.2 5.8-1.4 7 .5 1.3 2.1.5 5.8.1 8.1s-1.2 5-.6 7.4c1.3 5.1 4.4.9 4.3-2.4-.1-4.4-2-8.8-.5-13 .9-2.4 4.6-6.6 7.7-4.5 2.7 1.8.5 7.8.2 10.3-.2 1.7-.8 4.6.2 6.2.9 1.4 2 1.5 2.6-.3.5-1.5-.9-4.5-1-6.1-.2-1.7-.4-3.7.2-5.4 1.8-5.6 3.5 2.4 6.3.6 1.4-.9 4.3-9.4 6.1-3.1.6 2.2-1.3 7.8.7 8.9 4.2 2.3 1.5-7.1 2.2-8 3.1-4 4.7 3.8 6.1 4.1 3.1.7 2.8-7.9 8.1-4.5 1.7 1.1 2.9 3.3 3.2 5.2.4 2.2-1 4.5-.6 6.6 1 4.3 4.4 1.5 4.4-1.7 0-2.7-3-8.3 1.4-9.1 4.4-.9 7.3 3.5 7.8 6.9.3 2-1.5 10.9 1.3 11.3 4.1.6-3.2-15.7 4.8-15.8 4.7-.1 2.8 4.1 3.9 6.6 1 2.4 2.1 1 2.3-.8.3-1.9-.9-3.2 1.3-4.3 5.9-2.9 5.9 5.4 5.5 8.5-.3 2-1.7 8.4 2 8.1 6.9-.5-2.8-16.9 4.8-18.7 4.7-1.2 6.1 3.6 6.3 7.1.1 1.7-1.2 8.1.6 9.1 3.5 2 1.9-7 2-8.4.2-4 1.2-9.6 6.4-9.8 4.7-.2 3.2 4.6 2.7 7.5-.4 2.2 1.3 8.6 3.8 4.4 1.1-1.9-.3-4.1-.3-6 0-1.7.4-3.2 1.3-4.6 1-1.6 2.9-3.5 5.1-2.9 2.5.6 2.3 4.1 4.1 4.9 1.9.8 1.6-.9 2.3-2.1 1.2-2.1 2.1-2.1 4.4-2.4 1.4-.2 3.6-1.5 4.9-.5 2.3 1.7-.7 4.4.1 6.5.6 1.5 2.1 1.7 2.8.3.7-1.4-1.1-3.4-.3-4.8 1.4-2.5 6.2-1.2 7.2 1 2.3 4.8-3.3 12-.2 16.3 3 4.1 3.9-2.8 3.8-4.8-.4-4.3-2.1-8.9 0-13.1 1.3-2.5 5.9-5.7 7.9-2.4 2 3.2-1.3 9.8-.8 13.4.5 4.4 3.5 3.3 2.7-.8-.4-1.9-2.4-10 .6-11.1 3.7-1.4 2.8 7.2 6.5.4 2.2-4.1 4.9-3.1 5.2 1.2.1 1.5-.6 3.1-.4 4.6.2 1.9 1.8 3.7 3.3 1.3 1-1.6-2.6-10.4 2.9-7.3 2.6 1.5 1.6 6.5 4.8 2.7 1.3-1.5 1.7-3.6 4-3.7 2.2-.1 4 2.3 4.8 4.1 1.3 2.9-1.5 8.4.9 10.3 4.2 3.3 3-5.5 2.7-6.9-.6-3.9 1-7.2 5.5-5 4.1 2.1 4.3 7.7 4.1 11.6 0 .8-.6 9.5 2.5 5.2 1.2-1.7-.1-7.7.1-9.6.3-2.9 1.2-5.5 4.3-6.2 4.5-1 7.7 1.5 7.4 5.8-.2 3.5-1.8 7.7-.5 11.1 1 2.7 3.6 2.8 5 .2 1.6-3.1 0-8.3-.4-11.6-.4-4.2-.2-7 1.8-10.8 0 0-.1.1-.1.2-.2.4-.3.7-.4.8v.1c-.1.2-.1.2 0 0v-.1l.4-.8c0-.1.1-.1.1-.2.2-.4.5-.8.8-1.2V0H0zM282.7 3.4z\"><\/path><\/svg><\/div>\n<div class=\"wp-block-group has-global-padding is-layout-constrained wp-block-group-is-layout-constrained\">\n<h2 class=\"wp-block-heading has-text-align-center has-text-color has-link-color wp-elements-afe84d5b7e82601b49415e3999740ea2\" style=\"color:#006aff;padding-top:30px;text-decoration:underline\">Les activit\u00e9s de d\u00e9couverte :<\/h2>\n\n\n\n<ul class=\"wp-block-list\">\n<li><strong>Eveil<\/strong> \u00e0 la lecture, \u00e0 l\u2019imagination (cr\u00e9ation d\u2019une histoire par exemple), \u00e0 la cuisine, au jardinage\u2026<\/li>\n\n\n\n<li><strong>Les activit\u00e9s de plein air:<\/strong> tous types de jeux en ext\u00e9rieur.<\/li>\n\n\n\n<li><strong>Les activit\u00e9s nautiques:<\/strong> Sous la responsabilit\u00e9 d\u2019un moniteur titulaire d\u2019un Brevet d\u2019Etat, d\u2019animateurs titulaires d\u2019un BAFA, et de surveillants de baignade, dans un p\u00e9rim\u00e8tre s\u00e9curis\u00e9, sont propos\u00e9s aux enfants, la voile sur catamaran, le kayak de mer, la d\u00e9couverte du milieu marin, ma bou\u00e9e tract\u00e9e, et la baignade simple.<\/li>\n<\/ul>\n<\/div>\n<\/div>\n<\/div><\/div>\n<\/div><\/div>\n\n\n\n<div class=\"wp-block-uagb-separator uagb-block-aae44a53 wp-block-uagb-separator--icon\"><div class=\"uagb-separator-spacing-wrapper\"><div class=\"wp-block-uagb-separator__inner\" style=\"--my-background-image:\"><div class=\"wp-block-uagb-separator-element\"><svg xmlns=\"https:\/\/www.w3.org\/2000\/svg\" viewBox=\"0 0 640 512\"><path d=\"M95.1 64C95.1 28.65 124.7 0 159.1 0C195.3 0 223.1 28.65 223.1 64C223.1 99.35 195.3 128 159.1 128C124.7 128 95.1 99.35 95.1 64zM88 480V400H70.2C59.28 400 51.57 389.3 55.02 378.9L86.16 285.5L57.5 323.3C46.82 337.4 26.75 340.2 12.67 329.5C-1.415 318.8-4.175 298.7 6.503 284.7L65.4 206.1C87.84 177.4 122.9 160 160 160C197.2 160 232.2 177.4 254.6 206.1L313.5 284.7C324.2 298.7 321.4 318.8 307.3 329.5C293.3 340.2 273.2 337.4 262.5 323.3L233.9 285.6L264.1 378.9C268.4 389.3 260.7 400 249.8 400H232V480C232 497.7 217.7 512 200 512C182.3 512 168 497.7 168 480V400H152V480C152 497.7 137.7 512 120 512C102.3 512 88 497.7 88 480H88zM416 64C416 28.65 444.7 0 480 0C515.3 0 544 28.65 544 64C544 99.35 515.3 128 480 128C444.7 128 416 99.35 416 64V64zM472 384V480C472 497.7 457.7 512 440 512C422.3 512 408 497.7 408 480V300.5L395.1 321C385.7 336 365.9 340.5 350.1 331.1C336 321.7 331.5 301.9 340.9 286.1L392.6 204.9C410.2 176.9 440.9 159.1 473.8 159.1H486.2C519.2 159.1 549.8 176.9 567.4 204.9L619.1 286.1C628.5 301.9 624 321.7 609 331.1C594.1 340.5 574.3 336 564.9 321L552 300.5V480C552 497.7 537.7 512 520 512C502.3 512 488 497.7 488 480V384L472 384z\"><\/path><\/svg><\/div><\/div><\/div><\/div>\n<\/div>\n\n\n\n<div class=\"wp-block-group has-global-padding is-layout-constrained wp-block-group-is-layout-constrained\">\n<p class=\"has-text-align-center\">L\u2019animateur doit tenir compte dans ses propositions d\u2019activit\u00e9s des capacit\u00e9s de chaque enfant: on ne demande pas \u00e0 un enfant de 6 ans de faire la m\u00eame chose qu\u2019un enfant de 10 ans! L\u2019enfant ne doit pas \u00eatre mis en situation d\u2019\u00e9chec: le mat\u00e9riel comme les consignes sont adapt\u00e9es \u00e0 son \u00e2ge et \u00e0 ses capacit\u00e9s physiques et intellectuelles.<\/p>\n\n\n\n<p class=\"has-text-align-center\">&nbsp; &nbsp; &nbsp; &nbsp; &nbsp;<strong>L\u2019animateur est l\u00e0 pour accompagner l\u2019enfant dans son \u00e9volution et le s\u00e9curiser.<\/strong> Il ne faut pas oublier que le jeu reste la principale activit\u00e9 de l\u2019enfant! C\u2019est en jouant qu\u2019il va d\u00e9couvrir son environnement, enrichir ses connaissances et d\u00e9velopper ses capacit\u00e9s.Mais l\u2019animateur doit maitriser ce qui se passe en donnant des r\u00e8gles et des limites. L\u2019enfant en a besoin pour se construire.Durant les jeux, l\u2019animateur peut \u00eatre soit acteur, soit arbitre. Dans les deux cas, il doit veiller au bon d\u00e9roulement de l\u2019activit\u00e9. S\u2019il participe avec eux, sa pr\u00e9sence dans une \u00e9quipe ne doit pas d\u00e9favoriser la ou les autres \u00e9quipes.<\/p>\n\n\n\n<div data-aos= \"fade-down\" data-aos-duration=\"400\" data-aos-delay=\"0\" data-aos-easing=\"ease\" data-aos-once=\"true\" class=\"wp-block-uagb-container uagb-block-92ffe376\">\n<p class=\"has-text-align-center\"><strong>Enfin, les enfants dont la situation et\/ou l\u2019\u00e9tat de sant\u00e9 n\u00e9cessite une attention particuli\u00e8re sont accueillis avec les autres enfants dans le cadre d\u2019un Projet Personnalis\u00e9 d\u2019Accueil construit avec sa famille.<\/strong><\/p>\n<\/div>\n<\/div>\n<\/div><\/div>\n","protected":false},"excerpt":{"rendered":"<p>Les activit\u00e9s au Centre de loisirs Artistiques, sportives, culturelles ou autres, leur objectif est le m\u00eame: contribuer \u00e0 l\u2019\u00e9panouissement de l\u2019enfant. Elles vont lui permettre de se construire et d\u2019apprendre \u00e0 maitriser son environnement. A l\u2019oppos\u00e9 d\u2019une d\u00e9marche d\u2019activit\u00e9s de consommation, l\u2019\u00e9quipe p\u00e9dagogique met en place des activit\u00e9s diversifi\u00e9es r\u00e9pondant aux besoins des enfants: Les [&hellip;]<\/p>\n","protected":false},"author":3,"featured_media":0,"parent":0,"menu_order":0,"comment_status":"closed","ping_status":"closed","template":"","meta":{"_uag_custom_page_level_css":"","_swt_meta_header_display":false,"_swt_meta_footer_display":false,"_swt_meta_site_title_display":true,"_swt_meta_sticky_header":false,"_swt_meta_transparent_header":false,"footnotes":""},"class_list":["post-341","page","type-page","status-publish","hentry"],"uagb_featured_image_src":{"full":false,"thumbnail":false,"medium":false,"medium_large":false,"large":false,"1536x1536":false,"2048x2048":false},"uagb_author_info":{"display_name":"Red Fang","author_link":"https:\/\/www.assoejb.fr\/index.php\/author\/redfang145321\/"},"uagb_comment_info":0,"uagb_excerpt":"Les activit\u00e9s au Centre de loisirs Artistiques, sportives, culturelles ou autres, leur objectif est le m\u00eame: contribuer \u00e0 l\u2019\u00e9panouissement de l\u2019enfant. Elles vont lui permettre de se construire et d\u2019apprendre \u00e0 maitriser son environnement. A l\u2019oppos\u00e9 d\u2019une d\u00e9marche d\u2019activit\u00e9s de consommation, l\u2019\u00e9quipe p\u00e9dagogique met en place des activit\u00e9s diversifi\u00e9es r\u00e9pondant aux besoins des enfants: Les\u2026","_links":{"self":[{"href":"https:\/\/www.assoejb.fr\/index.php\/wp-json\/wp\/v2\/pages\/341","targetHints":{"allow":["GET"]}}],"collection":[{"href":"https:\/\/www.assoejb.fr\/index.php\/wp-json\/wp\/v2\/pages"}],"about":[{"href":"https:\/\/www.assoejb.fr\/index.php\/wp-json\/wp\/v2\/types\/page"}],"author":[{"embeddable":true,"href":"https:\/\/www.assoejb.fr\/index.php\/wp-json\/wp\/v2\/users\/3"}],"replies":[{"embeddable":true,"href":"https:\/\/www.assoejb.fr\/index.php\/wp-json\/wp\/v2\/comments?post=341"}],"version-history":[{"count":55,"href":"https:\/\/www.assoejb.fr\/index.php\/wp-json\/wp\/v2\/pages\/341\/revisions"}],"predecessor-version":[{"id":938,"href":"https:\/\/www.assoejb.fr\/index.php\/wp-json\/wp\/v2\/pages\/341\/revisions\/938"}],"wp:attachment":[{"href":"https:\/\/www.assoejb.fr\/index.php\/wp-json\/wp\/v2\/media?parent=341"}],"curies":[{"name":"wp","href":"https:\/\/api.w.org\/{rel}","templated":true}]}}