{"id":334,"date":"2024-03-20T17:03:52","date_gmt":"2024-03-20T16:03:52","guid":{"rendered":"https:\/\/www.assoejb.fr\/?page_id=334"},"modified":"2024-04-11T10:27:11","modified_gmt":"2024-04-11T08:27:11","slug":"association","status":"publish","type":"page","link":"https:\/\/www.assoejb.fr\/index.php\/association\/","title":{"rendered":"Association"},"content":{"rendered":"\n<div class=\"wp-block-uagb-container uagb-block-83f87fe1 alignfull uagb-is-root-container\"><div class=\"uagb-container-inner-blocks-wrap\">\n<hr class=\"wp-block-separator has-alpha-channel-opacity is-style-swt-separator-wide-thin-line\"\/>\n\n\n\n<div class=\"wp-block-uagb-container uagb-block-a0e39554 alignfull uagb-is-root-container\"><div class=\"uagb-container-inner-blocks-wrap\">\n<h3 class=\"wp-block-heading has-text-align-center\" id=\"adm\">Siege Administratif<\/h3>\n\n\n\n<figure class=\"wp-block-image aligncenter size-large\"><img loading=\"lazy\" decoding=\"async\" width=\"1024\" height=\"724\" src=\"https:\/\/www.assoejb.fr\/wp-content\/uploads\/2024\/03\/SIEGE-ADMINISTRATIF-pedf-ejb_page-0001-1024x724.jpg\" alt=\"\" class=\"wp-image-386\" srcset=\"https:\/\/www.assoejb.fr\/wp-content\/uploads\/2024\/03\/SIEGE-ADMINISTRATIF-pedf-ejb_page-0001-1024x724.jpg 1024w, https:\/\/www.assoejb.fr\/wp-content\/uploads\/2024\/03\/SIEGE-ADMINISTRATIF-pedf-ejb_page-0001-300x212.jpg 300w, https:\/\/www.assoejb.fr\/wp-content\/uploads\/2024\/03\/SIEGE-ADMINISTRATIF-pedf-ejb_page-0001-768x543.jpg 768w, https:\/\/www.assoejb.fr\/wp-content\/uploads\/2024\/03\/SIEGE-ADMINISTRATIF-pedf-ejb_page-0001-1536x1086.jpg 1536w, https:\/\/www.assoejb.fr\/wp-content\/uploads\/2024\/03\/SIEGE-ADMINISTRATIF-pedf-ejb_page-0001.jpg 1755w\" sizes=\"auto, (max-width: 1024px) 100vw, 1024px\" \/><\/figure>\n<\/div><\/div>\n\n\n\n<div class=\"wp-block-uagb-container uagb-block-8cad0670 alignfull uagb-is-root-container\"><div class=\"uagb-container-inner-blocks-wrap\">\n<h3 class=\"wp-block-heading has-text-align-center\" id=\"his\">Notre Histoire<\/h3>\n\n\n\n<p>Cr\u00e9\u00e9e en juin 2002, l\u2019association E.J.B a pour vocation, la cr\u00e9ation et la gestion de structures d\u2019accueil d\u00e9di\u00e9es \u00e0 l\u2019enfance et aux jeunes adolescents.Son action \u00e0 but \u00e9ducatif agit en compl\u00e9ment et dans la continuit\u00e9 de l\u2019\u00e9cole et des familles.&nbsp; Elle s\u2019inscrit dans les valeurs de l\u2019\u00c9ducation Populaire,qui est un processus visant \u00e0 faire \u00e9voluer les individus et la soci\u00e9t\u00e9 en dehors des cadres d&rsquo;apprentissage traditionnels.Elle permet aux individus de se forger leur propre opinion sur la soci\u00e9t\u00e9 et d&rsquo;agir de mani\u00e8re individuelle et collective sur le monde qui les entoure.Ses valeurs \u00e9ducatives sont la base du vivre ensemble \u00e0 l\u2019\u00e9chelle d\u2019un groupe, d\u2019une commune, d\u2019une r\u00e9gion, d\u2019un pays :la tol\u00e9rance, le respect et l\u2019acceptation de l\u2019autre, l\u2019\u00e9quit\u00e9 de traitement hommes \/ femmes, le respect du cadre soci\u00e9tal au sens le plus large du terme.Nous intervenons sur les temps p\u00e9riscolaire et extrascolaire, et vacances pour les enfants de 3 \u00e0 12 ans, avant l\u2019\u00e9cole \/ apr\u00e8s l\u2019\u00e9cole.Nous sommes agr\u00e9\u00e9s Association d\u2019\u00c9ducation Populaire depuis 2006.Cette cr\u00e9ation est l\u2019aboutissement de 40 ans d\u2019exp\u00e9rience au service des familles et des enfants mais aussi de militantisme associatif.Nous employons une quarantaine de salari\u00e9s repartis sur plusieurs sites.<\/p>\n<\/div><\/div>\n<\/div><\/div>\n","protected":false},"excerpt":{"rendered":"<p>Siege Administratif Notre Histoire Cr\u00e9\u00e9e en juin 2002, l\u2019association E.J.B a pour vocation, la cr\u00e9ation et la gestion de structures d\u2019accueil d\u00e9di\u00e9es \u00e0 l\u2019enfance et aux jeunes adolescents.Son action \u00e0 but \u00e9ducatif agit en compl\u00e9ment et dans la continuit\u00e9 de l\u2019\u00e9cole et des familles.&nbsp; Elle s\u2019inscrit dans les valeurs de l\u2019\u00c9ducation Populaire,qui est un processus [&hellip;]<\/p>\n","protected":false},"author":3,"featured_media":0,"parent":0,"menu_order":0,"comment_status":"closed","ping_status":"closed","template":"","meta":{"_uag_custom_page_level_css":"","_swt_meta_header_display":false,"_swt_meta_footer_display":false,"_swt_meta_site_title_display":true,"_swt_meta_sticky_header":false,"_swt_meta_transparent_header":false,"footnotes":""},"class_list":["post-334","page","type-page","status-publish","hentry"],"uagb_featured_image_src":{"full":false,"thumbnail":false,"medium":false,"medium_large":false,"large":false,"1536x1536":false,"2048x2048":false},"uagb_author_info":{"display_name":"Red Fang","author_link":"https:\/\/www.assoejb.fr\/index.php\/author\/redfang145321\/"},"uagb_comment_info":0,"uagb_excerpt":"Siege Administratif Notre Histoire Cr\u00e9\u00e9e en juin 2002, l\u2019association E.J.B a pour vocation, la cr\u00e9ation et la gestion de structures d\u2019accueil d\u00e9di\u00e9es \u00e0 l\u2019enfance et aux jeunes adolescents.Son action \u00e0 but \u00e9ducatif agit en compl\u00e9ment et dans la continuit\u00e9 de l\u2019\u00e9cole et des familles.&nbsp; Elle s\u2019inscrit dans les valeurs de l\u2019\u00c9ducation Populaire,qui est un processus\u2026","_links":{"self":[{"href":"https:\/\/www.assoejb.fr\/index.php\/wp-json\/wp\/v2\/pages\/334","targetHints":{"allow":["GET"]}}],"collection":[{"href":"https:\/\/www.assoejb.fr\/index.php\/wp-json\/wp\/v2\/pages"}],"about":[{"href":"https:\/\/www.assoejb.fr\/index.php\/wp-json\/wp\/v2\/types\/page"}],"author":[{"embeddable":true,"href":"https:\/\/www.assoejb.fr\/index.php\/wp-json\/wp\/v2\/users\/3"}],"replies":[{"embeddable":true,"href":"https:\/\/www.assoejb.fr\/index.php\/wp-json\/wp\/v2\/comments?post=334"}],"version-history":[{"count":11,"href":"https:\/\/www.assoejb.fr\/index.php\/wp-json\/wp\/v2\/pages\/334\/revisions"}],"predecessor-version":[{"id":780,"href":"https:\/\/www.assoejb.fr\/index.php\/wp-json\/wp\/v2\/pages\/334\/revisions\/780"}],"wp:attachment":[{"href":"https:\/\/www.assoejb.fr\/index.php\/wp-json\/wp\/v2\/media?parent=334"}],"curies":[{"name":"wp","href":"https:\/\/api.w.org\/{rel}","templated":true}]}}