{"id":32,"date":"2024-03-14T14:18:31","date_gmt":"2024-03-14T13:18:31","guid":{"rendered":"https:\/\/www.assoejb.fr\/?page_id=32"},"modified":"2024-03-18T16:01:56","modified_gmt":"2024-03-18T15:01:56","slug":"contact","status":"publish","type":"page","link":"https:\/\/www.assoejb.fr\/index.php\/contact\/","title":{"rendered":"Contact"},"content":{"rendered":"\n<hr class=\"wp-block-separator has-alpha-channel-opacity is-style-swt-separator-wide-thin-line\"\/>\n\n\n\n<div class=\"wp-block-group alignwide has-global-padding is-layout-constrained wp-container-core-group-is-layout-fa72c8b5 wp-block-group-is-layout-constrained\" style=\"padding-top:var(--wp--preset--spacing--x-large);padding-bottom:var(--wp--preset--spacing--x-large)\">\n<div class=\"wp-block-columns alignwide is-layout-flex wp-container-core-columns-is-layout-00f84694 wp-block-columns-is-layout-flex\">\n<div class=\"wp-block-column is-vertically-aligned-center is-layout-flow wp-container-core-column-is-layout-9bbe8c87 wp-block-column-is-layout-flow\">\n<div class=\"wp-block-group has-global-padding is-layout-constrained wp-block-group-is-layout-constrained\">\n<h2 class=\"wp-block-heading has-text-align-center\"><em>J&rsquo;VEUX Y ALLER !!<\/em><\/h2>\n\n\n\n<figure class=\"wp-block-image aligncenter size-full is-resized\"><img loading=\"lazy\" decoding=\"async\" width=\"420\" height=\"594\" src=\"https:\/\/www.assoejb.fr\/wp-content\/uploads\/2024\/03\/course-page-001-removebg-preview.png\" alt=\"\" class=\"wp-image-134\" style=\"width:330px;height:auto\" srcset=\"https:\/\/www.assoejb.fr\/wp-content\/uploads\/2024\/03\/course-page-001-removebg-preview.png 420w, https:\/\/www.assoejb.fr\/wp-content\/uploads\/2024\/03\/course-page-001-removebg-preview-212x300.png 212w\" sizes=\"auto, (max-width: 420px) 100vw, 420px\" \/><\/figure>\n<\/div>\n<\/div>\n\n\n\n<div class=\"wp-block-column is-layout-flow wp-container-core-column-is-layout-c39a6912 wp-block-column-is-layout-flow\">\n<div class=\"wp-block-group has-border-color has-outline-border-color has-global-padding is-layout-constrained wp-container-core-group-is-layout-5fbedae1 wp-block-group-is-layout-constrained\" style=\"border-width:1px;border-radius:16px;min-height:100%;padding-top:var(--wp--preset--spacing--large);padding-right:var(--wp--preset--spacing--large);padding-bottom:var(--wp--preset--spacing--large);padding-left:var(--wp--preset--spacing--large)\">\n<h4 class=\"wp-block-heading has-text-align-center has-heading-color has-text-color\" style=\"margin-top:var(--wp--preset--spacing--small)\">Pour Nous Contacter<\/h4>\n\n\n\n<hr class=\"wp-block-separator has-alpha-channel-opacity is-style-swt-separator-wide-thin-line\"\/>\n\n\n\n<div class=\"wp-block-group has-global-padding is-layout-constrained wp-container-core-group-is-layout-7c6d2669 wp-block-group-is-layout-constrained\">\n<p class=\"wp-block-heading has-x-small-font-size\">Adresse<\/p>\n\n\n\n<p class=\"has-heading-color has-text-color has-large-font-size\">Lotissement Renault Trucks Altu Bevincu 20620 Corse <\/p>\n\n\n\n<p class=\"has-heading-color has-text-color has-small-font-size\">(Aux rez-de-chauss\u00e9e du Complexe Sportif)<\/p>\n<\/div>\n\n\n\n<hr class=\"wp-block-separator has-alpha-channel-opacity is-style-swt-separator-wide-thin-line\"\/>\n\n\n\n<div class=\"wp-block-group has-global-padding is-layout-constrained wp-container-core-group-is-layout-7c6d2669 wp-block-group-is-layout-constrained\">\n<p class=\"wp-block-heading has-x-small-font-size\">T\u00e9l\u00e9phone<\/p>\n\n\n\n<p class=\"has-heading-color has-text-color has-large-font-size\">04.95.58.01.32<\/p>\n<\/div>\n\n\n\n<hr class=\"wp-block-separator has-alpha-channel-opacity is-style-swt-separator-wide-thin-line\"\/>\n\n\n\n<div class=\"wp-block-group has-global-padding is-layout-constrained wp-container-core-group-is-layout-7c6d2669 wp-block-group-is-layout-constrained\">\n<p class=\"wp-block-heading has-x-small-font-size\">Email<\/p>\n\n\n\n<p class=\"has-heading-color has-text-color has-large-font-size\">contact@assoejb.fr<\/p>\n<\/div>\n\n\n\n<hr class=\"wp-block-separator has-alpha-channel-opacity is-style-swt-separator-wide-thin-line\"\/>\n<\/div>\n<\/div>\n<\/div>\n<\/div>\n\n\n\n<p><\/p>\n","protected":false},"excerpt":{"rendered":"<p>J&rsquo;VEUX Y ALLER !! Pour Nous Contacter Adresse Lotissement Renault Trucks Altu Bevincu 20620 Corse (Aux rez-de-chauss\u00e9e du Complexe Sportif) T\u00e9l\u00e9phone 04.95.58.01.32 Email contact@assoejb.fr<\/p>\n","protected":false},"author":1,"featured_media":0,"parent":0,"menu_order":0,"comment_status":"closed","ping_status":"closed","template":"","meta":{"_uag_custom_page_level_css":"","_swt_meta_header_display":false,"_swt_meta_footer_display":false,"_swt_meta_site_title_display":true,"_swt_meta_sticky_header":false,"_swt_meta_transparent_header":false,"footnotes":""},"class_list":["post-32","page","type-page","status-publish","hentry"],"uagb_featured_image_src":{"full":false,"thumbnail":false,"medium":false,"medium_large":false,"large":false,"1536x1536":false,"2048x2048":false},"uagb_author_info":{"display_name":"edouardporet","author_link":"https:\/\/www.assoejb.fr\/index.php\/author\/edouardporet\/"},"uagb_comment_info":0,"uagb_excerpt":"J&rsquo;VEUX Y ALLER !! Pour Nous Contacter Adresse Lotissement Renault Trucks Altu Bevincu 20620 Corse (Aux rez-de-chauss\u00e9e du Complexe Sportif) T\u00e9l\u00e9phone 04.95.58.01.32 Email contact@assoejb.fr","_links":{"self":[{"href":"https:\/\/www.assoejb.fr\/index.php\/wp-json\/wp\/v2\/pages\/32","targetHints":{"allow":["GET"]}}],"collection":[{"href":"https:\/\/www.assoejb.fr\/index.php\/wp-json\/wp\/v2\/pages"}],"about":[{"href":"https:\/\/www.assoejb.fr\/index.php\/wp-json\/wp\/v2\/types\/page"}],"author":[{"embeddable":true,"href":"https:\/\/www.assoejb.fr\/index.php\/wp-json\/wp\/v2\/users\/1"}],"replies":[{"embeddable":true,"href":"https:\/\/www.assoejb.fr\/index.php\/wp-json\/wp\/v2\/comments?post=32"}],"version-history":[{"count":21,"href":"https:\/\/www.assoejb.fr\/index.php\/wp-json\/wp\/v2\/pages\/32\/revisions"}],"predecessor-version":[{"id":271,"href":"https:\/\/www.assoejb.fr\/index.php\/wp-json\/wp\/v2\/pages\/32\/revisions\/271"}],"wp:attachment":[{"href":"https:\/\/www.assoejb.fr\/index.php\/wp-json\/wp\/v2\/media?parent=32"}],"curies":[{"name":"wp","href":"https:\/\/api.w.org\/{rel}","templated":true}]}}