{"id":27,"date":"2024-03-14T14:16:51","date_gmt":"2024-03-14T13:16:51","guid":{"rendered":"https:\/\/www.assoejb.fr\/?page_id=27"},"modified":"2024-04-26T14:46:54","modified_gmt":"2024-04-26T12:46:54","slug":"biguglia","status":"publish","type":"page","link":"https:\/\/www.assoejb.fr\/index.php\/biguglia\/","title":{"rendered":"Biguglia"},"content":{"rendered":"\n<hr class=\"wp-block-separator has-alpha-channel-opacity is-style-swt-separator-wide-thin-line\"\/>\n\n\n\n<div class=\"wp-block-uagb-container uagb-block-ae86aa54 alignfull uagb-is-root-container\"><div class=\"uagb-container-inner-blocks-wrap\">\n<div class=\"wp-block-group has-global-padding is-layout-constrained wp-block-group-is-layout-constrained\">\n<div class=\"wp-block-group has-global-padding is-layout-constrained wp-block-group-is-layout-constrained\">\n<h2 class=\"wp-block-heading has-text-align-center\"><mark style=\"background-color:rgba(0, 0, 0, 0);color:#ff0000\" class=\"has-inline-color\">Introduction<\/mark><\/h2>\n\n\n\n<p>Notre association \u0153uvre depuis 1998 en collaboration avec la commune de Biguglia, dans le cadre des activit\u00e9s Extra-scolaires et p\u00e9riscolaires.<br>Les enfants d&rsquo;hier devenus parents nous confient aujourd&rsquo;hui leurs propres enfants.<br>Nous accueillons des enfants de la maternelle jusqu&rsquo;\u00e0 17 ans et des enfants en situation de handicap domicili\u00e9s sur la commune.<\/p>\n\n\n\n<p>Alsh (Accueils de loisirs sans h\u00e9bergement) Extra-scolaires:<br>le mercredi et pendant les vacances scolaires(Sauf vacances de no\u00ebl).<br>Alsh (Accueils de loisirs sans h\u00e9bergement) Peri-Scolaires situ\u00e9 dans diff\u00e9rents groupes scolaires de la commune de Biguglia :<\/p>\n<\/div>\n\n\n\n<div class=\"wp-block-group has-global-padding is-layout-constrained wp-block-group-is-layout-constrained\">\n<h1 class=\"wp-block-heading has-text-align-center\" style=\"padding-top:10px\"><mark style=\"background-color:rgba(0, 0, 0, 0);color:#ff0000\" class=\"has-inline-color\">Horaires d&rsquo;Ouverture<\/mark><\/h1>\n\n\n\n<h2 class=\"wp-block-heading has-text-align-center\">Garderie P\u00e9riscolaire<\/h2>\n\n\n\n<div class=\"wp-block-uagb-container uagb-block-8ffea5d6 alignfull uagb-is-root-container\"><div class=\"uagb-container-inner-blocks-wrap\">\n<div class=\"wp-block-uagb-container uagb-block-c28c2f9f\">\n<div class=\"wp-block-group has-global-padding is-layout-constrained wp-block-group-is-layout-constrained\">\n<h5 class=\"wp-block-heading\">Groupe Scolaire Vincentello d\u2019Istria primaire<\/h5>\n\n\n\n<ul class=\"wp-block-list\">\n<li>De 07h45 8h20 du lundi au vendredi<\/li>\n\n\n\n<li>De 11h30 \u00e0 13h20 du lundi au vendredi<\/li>\n\n\n\n<li>De 16h20 \u00e0 18h30 du lundi au vendredi<\/li>\n<\/ul>\n<\/div>\n<\/div>\n\n\n\n<div class=\"wp-block-uagb-container uagb-block-dca9adfe\">\n<div class=\"wp-block-group has-global-padding is-layout-constrained wp-block-group-is-layout-constrained\">\n<h5 class=\"wp-block-heading\">Groupe Scolaire Toussaint Massoni primaire<\/h5>\n\n\n\n<ul class=\"wp-block-list\">\n<li>De 07h45 8h20 du lundi au vendredi<\/li>\n\n\n\n<li>De 11h30 \u00e0 13h20 du lundi au vendredi<\/li>\n\n\n\n<li>De 16h20 \u00e0 18h30 du lundi au vendredi<\/li>\n<\/ul>\n<\/div>\n<\/div>\n\n\n\n<div class=\"wp-block-uagb-container uagb-block-8496e2c0\">\n<div class=\"wp-block-group has-global-padding is-layout-constrained wp-block-group-is-layout-constrained\">\n<h5 class=\"wp-block-heading\"><strong>Groupe Scolaire Simone<\/strong> Peretti primaire<\/h5>\n\n\n\n<ul class=\"wp-block-list\">\n<li>De 07h45 8h20 du lundi au vendredi<\/li>\n\n\n\n<li>De 11h30 \u00e0 13h20 du lundi au vendredi<\/li>\n\n\n\n<li>De 16h20 \u00e0 18h30 du lundi au vendredi<\/li>\n<\/ul>\n<\/div>\n<\/div>\n<\/div><\/div>\n\n\n\n<div class=\"wp-block-uagb-container uagb-block-844ecc49 alignfull uagb-is-root-container\"><div class=\"uagb-container-inner-blocks-wrap\">\n<div class=\"wp-block-uagb-container uagb-block-0b28789b\">\n<div class=\"wp-block-group has-global-padding is-layout-constrained wp-block-group-is-layout-constrained\">\n<div class=\"wp-block-group has-global-padding is-layout-constrained wp-block-group-is-layout-constrained\">\n<h2 class=\"wp-block-heading has-text-align-center\">Mercredi<\/h2>\n\n\n\n<p class=\"has-text-align-left\" style=\"font-size:20px\">Pour les mercredi De 08h \u00e0 8h30<\/p>\n<\/div>\n<\/div>\n<\/div>\n\n\n\n<div class=\"wp-block-uagb-container uagb-block-07b3a20d\">\n<div class=\"wp-block-uagb-image aligncenter uagb-block-f7fd9e49 wp-block-uagb-image--layout-default wp-block-uagb-image--effect-static wp-block-uagb-image--align-center\"><figure class=\"wp-block-uagb-image__figure\"><img decoding=\"async\" srcset=\"https:\/\/www.assoejb.fr\/wp-content\/uploads\/2024\/04\/13-removebg-preview-212x300.png ,https:\/\/www.assoejb.fr\/wp-content\/uploads\/2024\/04\/13-removebg-preview.png 780w, https:\/\/www.assoejb.fr\/wp-content\/uploads\/2024\/04\/13-removebg-preview.png 360w\" sizes=\"auto, (max-width: 480px) 150px\" src=\"https:\/\/www.assoejb.fr\/wp-content\/uploads\/2024\/04\/13-removebg-preview-212x300.png\" alt=\"\" class=\"uag-image-584\" width=\"212\" height=\"300\" title=\"13-removebg-preview\" loading=\"lazy\" role=\"img\"\/><\/figure><\/div>\n<\/div>\n<\/div><\/div>\n\n\n\n<div class=\"wp-block-uagb-container uagb-block-ee49afa4 alignfull uagb-is-root-container\"><div class=\"uagb-container-inner-blocks-wrap\">\n<div class=\"wp-block-uagb-container uagb-block-fbccffee\">\n<div class=\"wp-block-uagb-image aligncenter uagb-block-7951149f wp-block-uagb-image--layout-default wp-block-uagb-image--effect-static wp-block-uagb-image--align-center\"><figure class=\"wp-block-uagb-image__figure\"><img decoding=\"async\" srcset=\"https:\/\/www.assoejb.fr\/wp-content\/uploads\/2024\/04\/ballons-page-001-removebg-preview-212x300.png ,https:\/\/www.assoejb.fr\/wp-content\/uploads\/2024\/04\/ballons-page-001-removebg-preview.png 780w, https:\/\/www.assoejb.fr\/wp-content\/uploads\/2024\/04\/ballons-page-001-removebg-preview.png 360w\" sizes=\"auto, (max-width: 480px) 150px\" src=\"https:\/\/www.assoejb.fr\/wp-content\/uploads\/2024\/04\/ballons-page-001-removebg-preview-212x300.png\" alt=\"\" class=\"uag-image-585\" width=\"212\" height=\"300\" title=\"ballons-page-001-removebg-preview\" loading=\"lazy\" role=\"img\"\/><\/figure><\/div>\n<\/div>\n\n\n\n<div class=\"wp-block-uagb-container uagb-block-72a71e3d\">\n<div class=\"wp-block-group has-global-padding is-layout-constrained wp-block-group-is-layout-constrained\">\n<h2 class=\"wp-block-heading has-text-align-center\">Vacances<\/h2>\n\n\n\n<p class=\"has-text-align-left\" style=\"font-size:20px\">Nous sommes pr\u00e9sent sur l&rsquo;ensemble des p\u00e9riodes de vacances (sauf sur celle de no\u00ebl) de 08h \u00e0 18h30. \ud83d\ude01<\/p>\n<\/div>\n<\/div>\n<\/div><\/div>\n<\/div>\n\n\n\n<div class=\"wp-block-group has-global-padding is-layout-constrained wp-block-group-is-layout-constrained\">\n<div class=\"wp-block-group has-global-padding is-layout-constrained wp-block-group-is-layout-constrained\" style=\"margin-top:30px\">\n<h2 class=\"wp-block-heading has-text-align-center\"><mark style=\"background-color:rgba(0, 0, 0, 0);color:#ff0000\" class=\"has-inline-color\">Nos activit\u00e9s<\/mark><\/h2>\n\n\n\n<p class=\"has-text-align-left\">A l\u2019oppos\u00e9 d\u2019une d\u00e9marche d\u2019activit\u00e9s de consommation, l\u2019\u00e9quipe p\u00e9dagogique met en place des activit\u00e9s diversifi\u00e9es r\u00e9pondant aux besoins des enfants:<br><br>Nos activit\u00e9s sont principalement p\u00e9riscolaire et extra-scolaire, et sont d\u00e9crite ci dessous.<\/p>\n\n\n\n<ul class=\"wp-block-list\">\n<li>activit\u00e9s d\u2019expression : chant, danse, th\u00e9\u00e2tre&#8230;<\/li>\n\n\n\n<li>Les jeux et grands jeux : jeux ext\u00e9rieurs, mini comp\u00e9tition, olympiades &#8230;<\/li>\n\n\n\n<li>Les activit\u00e9s de d\u00e9couverte : cuisine, jardinage, lecture&#8230;<\/li>\n\n\n\n<li>Activit\u00e9s cr\u00e9atives : arts plastiques, constructions, d\u00e9cors, films&#8230;<\/li>\n<\/ul>\n<\/div>\n\n\n\n<div class=\"wp-block-group has-global-padding is-layout-constrained wp-block-group-is-layout-constrained\">\n<p class=\"has-text-align-center\">Pour plus d&rsquo;information &#8211;&gt; <a href=\"https:\/\/www.assoejb.fr\/index.php\/contact\/\" data-type=\"page\" data-id=\"32\"><mark style=\"background-color:rgba(0, 0, 0, 0);color:#ff0000\" class=\"has-inline-color\">Contacter nous<\/mark><\/a><\/p>\n<\/div>\n<\/div>\n\n\n\n<div class=\"wp-block-group has-global-padding is-layout-constrained wp-block-group-is-layout-constrained\">\n<h6 class=\"wp-block-heading has-text-align-center\"><strong>A l\u2019oppos\u00e9 d\u2019une d\u00e9marche d\u2019activit\u00e9s de consommation, l\u2019\u00e9quipe p\u00e9dagogique met en place des activit\u00e9s diversifi\u00e9es r\u00e9pondant aux besoins des enfants<\/strong><\/h6>\n\n\n\n<h2 class=\"wp-block-heading has-text-align-center\">Vous voulez venir jouer avec nous ?<\/h2>\n\n\n\n<div class=\"wp-block-group is-content-justification-center is-nowrap is-layout-flex wp-container-core-group-is-layout-23441af8 wp-block-group-is-layout-flex\">\n<div class=\"wp-block-group has-global-padding is-layout-constrained wp-block-group-is-layout-constrained\">\n<div class=\"wp-block-buttons is-layout-flex wp-block-buttons-is-layout-flex\">\n<div class=\"wp-block-button\"><a class=\"wp-block-button__link wp-element-button\" href=\"https:\/\/www.assoejb.fr\/index.php\/reservation\/\">Je suis Inscrit <br>Je r\u00e9serve<\/a><\/div>\n<\/div>\n<\/div>\n\n\n\n<div style=\"height:100px;width:0px\" aria-hidden=\"true\" class=\"wp-block-spacer wp-container-content-6388d5dc\"><\/div>\n\n\n\n<div class=\"wp-block-group has-global-padding is-layout-constrained wp-block-group-is-layout-constrained\">\n<div class=\"wp-block-buttons is-layout-flex wp-block-buttons-is-layout-flex\">\n<div class=\"wp-block-button\"><a class=\"wp-block-button__link wp-element-button\" href=\"https:\/\/www.assoejb.fr\/index.php\/inscription\/\">Je souhaite inscrire <br>mon enfant<\/a><\/div>\n<\/div>\n<\/div>\n<\/div>\n<\/div>\n<\/div>\n<\/div><\/div>\n","protected":false},"excerpt":{"rendered":"<p>Introduction Notre association \u0153uvre depuis 1998 en collaboration avec la commune de Biguglia, dans le cadre des activit\u00e9s Extra-scolaires et p\u00e9riscolaires.Les enfants d&rsquo;hier devenus parents nous confient aujourd&rsquo;hui leurs propres enfants.Nous accueillons des enfants de la maternelle jusqu&rsquo;\u00e0 17 ans et des enfants en situation de handicap domicili\u00e9s sur la commune. Alsh (Accueils de loisirs [&hellip;]<\/p>\n","protected":false},"author":1,"featured_media":0,"parent":0,"menu_order":0,"comment_status":"closed","ping_status":"closed","template":"","meta":{"_uag_custom_page_level_css":"","_swt_meta_header_display":false,"_swt_meta_footer_display":false,"_swt_meta_site_title_display":true,"_swt_meta_sticky_header":false,"_swt_meta_transparent_header":false,"footnotes":""},"class_list":["post-27","page","type-page","status-publish","hentry"],"uagb_featured_image_src":{"full":false,"thumbnail":false,"medium":false,"medium_large":false,"large":false,"1536x1536":false,"2048x2048":false},"uagb_author_info":{"display_name":"edouardporet","author_link":"https:\/\/www.assoejb.fr\/index.php\/author\/edouardporet\/"},"uagb_comment_info":0,"uagb_excerpt":"Introduction Notre association \u0153uvre depuis 1998 en collaboration avec la commune de Biguglia, dans le cadre des activit\u00e9s Extra-scolaires et p\u00e9riscolaires.Les enfants d&rsquo;hier devenus parents nous confient aujourd&rsquo;hui leurs propres enfants.Nous accueillons des enfants de la maternelle jusqu&rsquo;\u00e0 17 ans et des enfants en situation de handicap domicili\u00e9s sur la commune. Alsh (Accueils de loisirs\u2026","_links":{"self":[{"href":"https:\/\/www.assoejb.fr\/index.php\/wp-json\/wp\/v2\/pages\/27","targetHints":{"allow":["GET"]}}],"collection":[{"href":"https:\/\/www.assoejb.fr\/index.php\/wp-json\/wp\/v2\/pages"}],"about":[{"href":"https:\/\/www.assoejb.fr\/index.php\/wp-json\/wp\/v2\/types\/page"}],"author":[{"embeddable":true,"href":"https:\/\/www.assoejb.fr\/index.php\/wp-json\/wp\/v2\/users\/1"}],"replies":[{"embeddable":true,"href":"https:\/\/www.assoejb.fr\/index.php\/wp-json\/wp\/v2\/comments?post=27"}],"version-history":[{"count":48,"href":"https:\/\/www.assoejb.fr\/index.php\/wp-json\/wp\/v2\/pages\/27\/revisions"}],"predecessor-version":[{"id":919,"href":"https:\/\/www.assoejb.fr\/index.php\/wp-json\/wp\/v2\/pages\/27\/revisions\/919"}],"wp:attachment":[{"href":"https:\/\/www.assoejb.fr\/index.php\/wp-json\/wp\/v2\/media?parent=27"}],"curies":[{"name":"wp","href":"https:\/\/api.w.org\/{rel}","templated":true}]}}