{"id":23,"date":"2024-03-14T14:12:53","date_gmt":"2024-03-14T13:12:53","guid":{"rendered":"https:\/\/www.assoejb.fr\/?page_id=23"},"modified":"2024-04-26T14:46:18","modified_gmt":"2024-04-26T12:46:18","slug":"borgo","status":"publish","type":"page","link":"https:\/\/www.assoejb.fr\/index.php\/borgo\/","title":{"rendered":"Borgo"},"content":{"rendered":"\n<hr class=\"wp-block-separator has-alpha-channel-opacity is-style-swt-separator-wide-thin-line\"\/>\n\n\n\n<div class=\"wp-block-uagb-container uagb-block-8b38eec6 alignfull uagb-is-root-container\"><div class=\"uagb-container-inner-blocks-wrap\">\n<div class=\"wp-block-group has-global-padding is-layout-constrained wp-block-group-is-layout-constrained\">\n<div class=\"wp-block-group has-global-padding is-layout-constrained wp-block-group-is-layout-constrained\">\n<h2 class=\"wp-block-heading has-text-align-center\"><mark style=\"background-color:rgba(0, 0, 0, 0);color:#ff0000\" class=\"has-inline-color\">Introduction<\/mark><\/h2>\n\n\n\n<p>Depuis bient\u00f4t pr\u00e8s de 20 ann\u00e9es, notre association travaille en collaboration avec la Mairie de Borgo. <strong>L&rsquo;association a le plaisir d&rsquo;accueillir les enfants de la commune de 3 \u00e0 14 ans, ou les enfants en situation de handicap, sur les temps suivants :<\/strong><\/p>\n\n\n\n<p><strong>Centre de loisirs<\/strong> : tous les mercredis et les vacances scolaires de 8h \u00e0 18h (Sauf en p\u00e9riode de no\u00ebl).<\/p>\n\n\n\n<p><\/p>\n<\/div>\n\n\n\n<div class=\"wp-block-group has-global-padding is-layout-constrained wp-block-group-is-layout-constrained\">\n<h1 class=\"wp-block-heading has-text-align-center\"><mark style=\"background-color:rgba(0, 0, 0, 0);color:#ff0000\" class=\"has-inline-color\">Horaires d&rsquo;Ouverture<\/mark><\/h1>\n\n\n\n<h2 class=\"wp-block-heading has-text-align-center\">P\u00e9riscolaire<\/h2>\n\n\n\n<div class=\"wp-block-uagb-container uagb-block-b9a99cda alignfull uagb-is-root-container\"><div class=\"uagb-container-inner-blocks-wrap\">\n<div class=\"wp-block-uagb-container uagb-block-c89f16bc\">\n<div class=\"wp-block-group has-global-padding is-layout-constrained wp-block-group-is-layout-constrained\">\n<h5 class=\"wp-block-heading\">Ecole Primaire Dominique Antoniotti<\/h5>\n\n\n\n<ul class=\"wp-block-list\">\n<li>Garderie Du Midi : De 11h30 \u00e0 13h30<\/li>\n\n\n\n<li>Garderie Du Soir : De 16h30 \u00e0 18h30<\/li>\n<\/ul>\n<\/div>\n<\/div>\n\n\n\n<div class=\"wp-block-uagb-container uagb-block-908c065e\">\n<div class=\"wp-block-group has-global-padding is-layout-constrained wp-block-group-is-layout-constrained\">\n<h5 class=\"wp-block-heading\">Ecole de Saint-Exup\u00e9ry<\/h5>\n\n\n\n<ul class=\"wp-block-list\">\n<li>Garderie Du Matin : De 7h45 \u00e0 8h20<\/li>\n\n\n\n<li>Garderie Du Midi : De 11h30 \u00e0 13h20<\/li>\n\n\n\n<li>Garderie Du Soir : De 16h30 \u00e0 18h30<\/li>\n<\/ul>\n<\/div>\n<\/div>\n<\/div><\/div>\n\n\n\n<div class=\"wp-block-uagb-container uagb-block-e1794620 alignfull uagb-is-root-container\"><div class=\"uagb-container-inner-blocks-wrap\">\n<div class=\"wp-block-uagb-container uagb-block-bcc43885\">\n<div class=\"wp-block-uagb-container uagb-block-ea9ef863\">\n<div class=\"wp-block-uagb-image uagb-block-c43cff4d wp-block-uagb-image--layout-default wp-block-uagb-image--effect-static wp-block-uagb-image--align-none\"><figure class=\"wp-block-uagb-image__figure\"><img decoding=\"async\" srcset=\"https:\/\/www.assoejb.fr\/wp-content\/uploads\/2024\/04\/mange_fraise-page-001-removebg-preview.png ,https:\/\/www.assoejb.fr\/wp-content\/uploads\/2024\/04\/mange_fraise-page-001-removebg-preview.png 780w, https:\/\/www.assoejb.fr\/wp-content\/uploads\/2024\/04\/mange_fraise-page-001-removebg-preview.png 360w\" sizes=\"auto, (max-width: 480px) 150px\" src=\"https:\/\/www.assoejb.fr\/wp-content\/uploads\/2024\/04\/mange_fraise-page-001-removebg-preview.png\" alt=\"\" class=\"uag-image-894\" width=\"1754\" height=\"2481\" title=\"mange_fraise-page-001-removebg-preview\" loading=\"lazy\" role=\"img\"\/><\/figure><\/div>\n<\/div>\n<\/div>\n\n\n\n<div class=\"wp-block-uagb-container uagb-block-62727c90\">\n<div class=\"wp-block-group has-global-padding is-layout-constrained wp-block-group-is-layout-constrained\">\n<div class=\"wp-block-group is-vertical is-content-justification-left is-layout-flex wp-container-core-group-is-layout-dd225191 wp-block-group-is-layout-flex\" style=\"border-style:none;border-width:0px;border-radius:0px;min-height:0px\">\n<h2 class=\"wp-block-heading\">Mercredi<\/h2>\n\n\n\n<p><strong>Nous vous accueillons de 8H \u00e0 18h \ud83d\ude1c<\/strong><\/p>\n<\/div>\n<\/div>\n<\/div>\n\n\n\n<div class=\"wp-block-uagb-container uagb-block-8e126d1a\">\n<div class=\"wp-block-group has-global-padding is-layout-constrained wp-block-group-is-layout-constrained\">\n<h2 class=\"wp-block-heading has-text-align-center\">Vacances<\/h2>\n\n\n\n<p>Nous vous proposons un accueil de 08h \u00e0 18 h sur les vacances scolaires, hors vacances de No\u00ebl \ud83d\ude1c<\/p>\n<\/div>\n<\/div>\n\n\n\n<div class=\"wp-block-uagb-container uagb-block-cf73fde4\">\n<div class=\"wp-block-uagb-container uagb-block-b8097d70\">\n<div class=\"wp-block-uagb-image uagb-block-214c500c wp-block-uagb-image--layout-default wp-block-uagb-image--effect-static wp-block-uagb-image--align-none\"><figure class=\"wp-block-uagb-image__figure\"><img decoding=\"async\" srcset=\"https:\/\/www.assoejb.fr\/wp-content\/uploads\/2024\/04\/caste-removebg-preview.png ,https:\/\/www.assoejb.fr\/wp-content\/uploads\/2024\/04\/caste-removebg-preview.png 780w, https:\/\/www.assoejb.fr\/wp-content\/uploads\/2024\/04\/caste-removebg-preview.png 360w\" sizes=\"auto, (max-width: 480px) 150px\" src=\"https:\/\/www.assoejb.fr\/wp-content\/uploads\/2024\/04\/caste-removebg-preview.png\" alt=\"\" class=\"uag-image-683\" width=\"1754\" height=\"2481\" title=\"caste-removebg-preview\" loading=\"lazy\" role=\"img\"\/><\/figure><\/div>\n<\/div>\n<\/div>\n<\/div><\/div>\n<\/div>\n\n\n\n<div class=\"wp-block-group has-global-padding is-layout-constrained wp-block-group-is-layout-constrained\">\n<div class=\"wp-block-group has-global-padding is-layout-constrained wp-block-group-is-layout-constrained\">\n<h2 class=\"wp-block-heading has-text-align-center\"><mark style=\"background-color:rgba(0, 0, 0, 0);color:#ff0000\" class=\"has-inline-color\">Nos activit\u00e9s<\/mark><\/h2>\n\n\n\n<ul class=\"wp-block-list\">\n<li>activit\u00e9s d\u2019expression : chant, danse, th\u00e9\u00e2tre\u2026<\/li>\n\n\n\n<li>Les jeux et grands jeux : jeux ext\u00e9rieurs, mini comp\u00e9tition, olympiades \u2026<\/li>\n\n\n\n<li>Les activit\u00e9s de d\u00e9couverte : cuisine, jardinage, lecture\u2026<\/li>\n\n\n\n<li>Activit\u00e9s cr\u00e9atives : arts plastiques, constructions, d\u00e9cors, films\u2026<\/li>\n<\/ul>\n<\/div>\n\n\n\n<div class=\"wp-block-group has-global-padding is-layout-constrained wp-block-group-is-layout-constrained\">\n<p class=\"has-text-align-center\">Pour plus d&rsquo;information &#8211;&gt; <a href=\"https:\/\/www.assoejb.fr\/index.php\/contact\/\" data-type=\"page\" data-id=\"32\"><mark style=\"background-color:rgba(0, 0, 0, 0);color:#ff0000\" class=\"has-inline-color\">Contacter nous<\/mark><\/a><\/p>\n<\/div>\n<\/div>\n\n\n\n<div class=\"wp-block-group has-global-padding is-layout-constrained wp-block-group-is-layout-constrained\">\n<h6 class=\"wp-block-heading has-text-align-center\">A l\u2019oppos\u00e9 d\u2019une d\u00e9marche d\u2019activit\u00e9s de consommation, l\u2019\u00e9quipe p\u00e9dagogique met en place des activit\u00e9s diversifi\u00e9es r\u00e9pondant aux besoins des enfants<\/h6>\n\n\n\n<h2 class=\"wp-block-heading has-text-align-center\">Vous voulez venir jouer avec nous ?<\/h2>\n\n\n\n<div class=\"wp-block-group is-content-justification-center is-nowrap is-layout-flex wp-container-core-group-is-layout-23441af8 wp-block-group-is-layout-flex\">\n<div class=\"wp-block-group has-global-padding is-layout-constrained wp-block-group-is-layout-constrained\">\n<div class=\"wp-block-buttons is-layout-flex wp-block-buttons-is-layout-flex\">\n<div class=\"wp-block-button\"><a class=\"wp-block-button__link wp-element-button\" href=\"https:\/\/portail.berger-levrault.fr\/MairieBorgo20290\/accueil\">Je suis Inscrit <br>Je r\u00e9serve<\/a><\/div>\n<\/div>\n<\/div>\n\n\n\n<div style=\"height:100px;width:0px\" aria-hidden=\"true\" class=\"wp-block-spacer wp-container-content-6388d5dc\"><\/div>\n\n\n\n<div class=\"wp-block-group has-global-padding is-layout-constrained wp-block-group-is-layout-constrained\">\n<div class=\"wp-block-buttons is-layout-flex wp-block-buttons-is-layout-flex\">\n<div class=\"wp-block-button\"><a class=\"wp-block-button__link wp-element-button\" href=\"https:\/\/ville-borgo.com\/inscriptions-scolaires-24-25\/\">Je souhaite inscrire <br>mon enfant<\/a><\/div>\n<\/div>\n<\/div>\n<\/div>\n<\/div>\n<\/div>\n<\/div><\/div>\n","protected":false},"excerpt":{"rendered":"<p>Introduction Depuis bient\u00f4t pr\u00e8s de 20 ann\u00e9es, notre association travaille en collaboration avec la Mairie de Borgo. L&rsquo;association a le plaisir d&rsquo;accueillir les enfants de la commune de 3 \u00e0 14 ans, ou les enfants en situation de handicap, sur les temps suivants : Centre de loisirs : tous les mercredis et les vacances scolaires [&hellip;]<\/p>\n","protected":false},"author":1,"featured_media":0,"parent":0,"menu_order":0,"comment_status":"closed","ping_status":"closed","template":"","meta":{"_uag_custom_page_level_css":"","_swt_meta_header_display":false,"_swt_meta_footer_display":false,"_swt_meta_site_title_display":true,"_swt_meta_sticky_header":false,"_swt_meta_transparent_header":false,"footnotes":""},"class_list":["post-23","page","type-page","status-publish","hentry"],"uagb_featured_image_src":{"full":false,"thumbnail":false,"medium":false,"medium_large":false,"large":false,"1536x1536":false,"2048x2048":false},"uagb_author_info":{"display_name":"edouardporet","author_link":"https:\/\/www.assoejb.fr\/index.php\/author\/edouardporet\/"},"uagb_comment_info":0,"uagb_excerpt":"Introduction Depuis bient\u00f4t pr\u00e8s de 20 ann\u00e9es, notre association travaille en collaboration avec la Mairie de Borgo. L&rsquo;association a le plaisir d&rsquo;accueillir les enfants de la commune de 3 \u00e0 14 ans, ou les enfants en situation de handicap, sur les temps suivants : Centre de loisirs : tous les mercredis et les vacances scolaires\u2026","_links":{"self":[{"href":"https:\/\/www.assoejb.fr\/index.php\/wp-json\/wp\/v2\/pages\/23","targetHints":{"allow":["GET"]}}],"collection":[{"href":"https:\/\/www.assoejb.fr\/index.php\/wp-json\/wp\/v2\/pages"}],"about":[{"href":"https:\/\/www.assoejb.fr\/index.php\/wp-json\/wp\/v2\/types\/page"}],"author":[{"embeddable":true,"href":"https:\/\/www.assoejb.fr\/index.php\/wp-json\/wp\/v2\/users\/1"}],"replies":[{"embeddable":true,"href":"https:\/\/www.assoejb.fr\/index.php\/wp-json\/wp\/v2\/comments?post=23"}],"version-history":[{"count":54,"href":"https:\/\/www.assoejb.fr\/index.php\/wp-json\/wp\/v2\/pages\/23\/revisions"}],"predecessor-version":[{"id":918,"href":"https:\/\/www.assoejb.fr\/index.php\/wp-json\/wp\/v2\/pages\/23\/revisions\/918"}],"wp:attachment":[{"href":"https:\/\/www.assoejb.fr\/index.php\/wp-json\/wp\/v2\/media?parent=23"}],"curies":[{"name":"wp","href":"https:\/\/api.w.org\/{rel}","templated":true}]}}