{"id":189,"date":"2024-03-18T13:18:01","date_gmt":"2024-03-18T12:18:01","guid":{"rendered":"https:\/\/www.assoejb.fr\/?page_id=189"},"modified":"2024-04-26T14:30:52","modified_gmt":"2024-04-26T12:30:52","slug":"reservation","status":"publish","type":"page","link":"https:\/\/www.assoejb.fr\/index.php\/reservation\/","title":{"rendered":"Reservation"},"content":{"rendered":"\n<hr class=\"wp-block-separator has-alpha-channel-opacity is-style-swt-separator-wide-thin-line\"\/>\n\n\n\n<div class=\"wp-block-group alignwide has-global-padding is-layout-constrained wp-block-group-is-layout-constrained\">\n<h1 class=\"wp-block-heading has-text-align-center\">R\u00e9servations<\/h1>\n<\/div>\n\n\n\n<div class=\"wp-block-group alignwide has-heading-background-color has-background has-global-padding is-layout-constrained wp-container-core-group-is-layout-fa72c8b5 wp-block-group-is-layout-constrained\" style=\"padding-top:var(--wp--preset--spacing--x-large);padding-bottom:var(--wp--preset--spacing--x-large)\">\n<div class=\"wp-block-columns alignwide is-layout-flex wp-container-core-columns-is-layout-010e51cd wp-block-columns-is-layout-flex\">\n<div class=\"wp-block-column is-layout-flow wp-block-column-is-layout-flow\" style=\"flex-basis:30%\">\n<div class=\"wp-block-uagb-image uagb-block-da3d692f wp-block-uagb-image--layout-default wp-block-uagb-image--effect-static wp-block-uagb-image--align-none\"><figure class=\"wp-block-uagb-image__figure\"><img decoding=\"async\" srcset=\"https:\/\/www.assoejb.fr\/wp-content\/uploads\/2024\/04\/course-page-001-removebg-preview.png ,https:\/\/www.assoejb.fr\/wp-content\/uploads\/2024\/04\/course-page-001-removebg-preview.png 780w, https:\/\/www.assoejb.fr\/wp-content\/uploads\/2024\/04\/course-page-001-removebg-preview.png 360w\" sizes=\"auto, (max-width: 480px) 150px\" src=\"https:\/\/www.assoejb.fr\/wp-content\/uploads\/2024\/04\/course-page-001-removebg-preview.png\" alt=\"\" class=\"uag-image-667\" width=\"420\" height=\"594\" title=\"course-page-001-removebg-preview\" loading=\"lazy\" role=\"img\"\/><\/figure><\/div>\n<\/div>\n\n\n\n<div class=\"wp-block-column is-vertically-aligned-center is-layout-flow wp-block-column-is-layout-flow\" style=\"flex-basis:70%\">\n<h1 class=\"wp-block-heading has-text-align-center has-text-color has-link-color wp-elements-dc4c124e0494ec8fb1b11687f1b5b12a\" style=\"color:#f8fafc\">Biguglia<\/h1>\n\n\n\n<div class=\"wp-block-group is-nowrap is-layout-flex wp-container-core-group-is-layout-6c531013 wp-block-group-is-layout-flex\">\n<p class=\"has-background-color has-text-color\" style=\"margin-top:27px;margin-bottom:0px\">Cliquez ici pour les  R\u00e9servations du mercredi &#8211;&gt;<\/p>\n\n\n\n<div class=\"wp-block-buttons is-content-justification-center is-layout-flex wp-container-core-buttons-is-layout-31d6d1be wp-block-buttons-is-layout-flex\" style=\"margin-top:var(--wp--preset--spacing--small)\">\n<div class=\"wp-block-button is-style-swt-button-secondary\"><a class=\"wp-block-button__link wp-element-button\">Mercredi<\/a><\/div>\n<\/div>\n<\/div>\n\n\n\n<div class=\"wp-block-group is-nowrap is-layout-flex wp-container-core-group-is-layout-6c531013 wp-block-group-is-layout-flex\">\n<p class=\"has-background-color has-text-color\" style=\"margin-top:27px;margin-bottom:0px\">Cliquez ici pour Midi (11H20-12H20) &#8211;&gt;<\/p>\n\n\n\n<div class=\"wp-block-buttons is-content-justification-center is-layout-flex wp-container-core-buttons-is-layout-31d6d1be wp-block-buttons-is-layout-flex\" style=\"margin-top:var(--wp--preset--spacing--small)\">\n<div class=\"wp-block-button is-style-swt-button-secondary\"><a class=\"wp-block-button__link wp-element-button\">Midi(11h20-12h20)<\/a><\/div>\n<\/div>\n<\/div>\n\n\n\n<div class=\"wp-block-group is-nowrap is-layout-flex wp-container-core-group-is-layout-6c531013 wp-block-group-is-layout-flex\">\n<p class=\"has-background-color has-text-color\" style=\"margin-top:27px;margin-bottom:0px\">Cliquez ici pour les R\u00e9servations des Vacances &#8211;&gt;<\/p>\n\n\n\n<div class=\"wp-block-buttons is-content-justification-center is-layout-flex wp-container-core-buttons-is-layout-31d6d1be wp-block-buttons-is-layout-flex\" style=\"margin-top:var(--wp--preset--spacing--small)\">\n<div class=\"wp-block-button is-style-swt-button-secondary\"><a class=\"wp-block-button__link wp-element-button\">Vacances<\/a><\/div>\n<\/div>\n<\/div>\n<\/div>\n<\/div>\n<\/div>\n\n\n\n<div class=\"wp-block-group alignwide has-background has-global-padding is-layout-constrained wp-container-core-group-is-layout-fa72c8b5 wp-block-group-is-layout-constrained\" style=\"background-color:#1f2937;padding-top:var(--wp--preset--spacing--x-large);padding-bottom:var(--wp--preset--spacing--x-large)\">\n<div class=\"wp-block-columns alignwide is-layout-flex wp-container-core-columns-is-layout-00f84694 wp-block-columns-is-layout-flex\">\n<div class=\"wp-block-column is-vertically-aligned-center is-layout-flow wp-block-column-is-layout-flow\" style=\"padding-right:40px;padding-left:40px\">\n<h1 class=\"wp-block-heading has-text-align-center has-text-color has-link-color wp-elements-8bca9165184eb1e33ca48bc91ff561e3\" style=\"color:#f8fafc\">Borgo<\/h1>\n\n\n\n<p class=\"has-text-align-center has-text-color has-link-color wp-elements-200de3fd27a8dddcb3151bf1def2df3e\" style=\"color:#f8fafc\">Toutes les r\u00e9servations concernant les sites de la commune de Borgo sont a faire sur leurs sites <\/p>\n\n\n\n<div class=\"wp-block-buttons is-content-justification-center is-layout-flex wp-container-core-buttons-is-layout-1335d323 wp-block-buttons-is-layout-flex\" style=\"margin-top:var(--wp--preset--spacing--small)\">\n<div class=\"wp-block-button is-style-swt-button-secondary\"><a class=\"wp-block-button__link wp-element-button\">Aller R\u00e9server sur le site de la mairie de Borgo<\/a><\/div>\n<\/div>\n<\/div>\n\n\n\n<div class=\"wp-block-column is-layout-flow wp-block-column-is-layout-flow\">\n<div class=\"wp-block-uagb-image aligncenter uagb-block-2da4be29 wp-block-uagb-image--layout-default wp-block-uagb-image--effect-static wp-block-uagb-image--align-center\"><figure class=\"wp-block-uagb-image__figure\"><img decoding=\"async\" srcset=\"https:\/\/www.assoejb.fr\/wp-content\/uploads\/2024\/04\/voleuse-page-001-removebg-preview.png ,https:\/\/www.assoejb.fr\/wp-content\/uploads\/2024\/04\/voleuse-page-001-removebg-preview.png 780w, https:\/\/www.assoejb.fr\/wp-content\/uploads\/2024\/04\/voleuse-page-001-removebg-preview.png 360w\" sizes=\"auto, (max-width: 480px) 150px\" src=\"https:\/\/www.assoejb.fr\/wp-content\/uploads\/2024\/04\/voleuse-page-001-removebg-preview.png\" alt=\"\" class=\"uag-image-653\" width=\"324\" height=\"271\" title=\"voleuse-page-001-removebg-preview\" loading=\"lazy\" role=\"img\"\/><\/figure><\/div>\n<\/div>\n<\/div>\n<\/div>\n\n\n\n<div class=\"wp-block-group alignwide has-heading-background-color has-background has-global-padding is-layout-constrained wp-container-core-group-is-layout-fa72c8b5 wp-block-group-is-layout-constrained\" style=\"padding-top:var(--wp--preset--spacing--x-large);padding-bottom:var(--wp--preset--spacing--x-large)\">\n<div class=\"wp-block-columns alignwide is-layout-flex wp-container-core-columns-is-layout-010e51cd wp-block-columns-is-layout-flex\">\n<div class=\"wp-block-column is-layout-flow wp-block-column-is-layout-flow\" style=\"flex-basis:30%\">\n<div class=\"wp-block-uagb-image uagb-block-be0d6ce2 wp-block-uagb-image--layout-default wp-block-uagb-image--effect-static wp-block-uagb-image--align-none\"><figure class=\"wp-block-uagb-image__figure\"><img decoding=\"async\" srcset=\"https:\/\/www.assoejb.fr\/wp-content\/uploads\/2024\/04\/chateau_de_sable-page-001-removebg-preview.png ,https:\/\/www.assoejb.fr\/wp-content\/uploads\/2024\/04\/chateau_de_sable-page-001-removebg-preview.png 780w, https:\/\/www.assoejb.fr\/wp-content\/uploads\/2024\/04\/chateau_de_sable-page-001-removebg-preview.png 360w\" sizes=\"auto, (max-width: 480px) 150px\" src=\"https:\/\/www.assoejb.fr\/wp-content\/uploads\/2024\/04\/chateau_de_sable-page-001-removebg-preview.png\" alt=\"\" class=\"uag-image-855\" width=\"420\" height=\"594\" title=\"chateau_de_sable-page-001-removebg-preview\" loading=\"lazy\" role=\"img\"\/><\/figure><\/div>\n<\/div>\n\n\n\n<div class=\"wp-block-column is-vertically-aligned-center is-layout-flow wp-block-column-is-layout-flow\" style=\"flex-basis:70%\">\n<h1 class=\"wp-block-heading has-text-align-center has-text-color has-link-color wp-elements-4d15386b31970599d183b96121c19897\" style=\"color:#f8fafc\">Castellare<\/h1>\n\n\n\n<div class=\"wp-block-group is-nowrap is-layout-flex wp-container-core-group-is-layout-6c531013 wp-block-group-is-layout-flex\">\n<div class=\"wp-block-buttons is-content-justification-center is-layout-flex wp-container-core-buttons-is-layout-619c28be wp-block-buttons-is-layout-flex\" style=\"margin-top:27px;margin-bottom:0px\">\n<div class=\"wp-block-button is-style-swt-button-secondary\"><a class=\"wp-block-button__link wp-element-button\">Garderie<\/a><\/div>\n<\/div>\n\n\n\n<p class=\"has-background-color has-text-color\" style=\"margin-top:var(--wp--preset--spacing--small)\">&lt;\u2013 Cliquez ici pour les R\u00e9servations de Garderie(matin, midi, soir)<\/p>\n<\/div>\n<\/div>\n<\/div>\n<\/div>\n","protected":false},"excerpt":{"rendered":"<p>R\u00e9servations Biguglia Cliquez ici pour les R\u00e9servations du mercredi &#8211;&gt; Cliquez ici pour Midi (11H20-12H20) &#8211;&gt; Cliquez ici pour les R\u00e9servations des Vacances &#8211;&gt; Borgo Toutes les r\u00e9servations concernant les sites de la commune de Borgo sont a faire sur leurs sites Castellare &lt;\u2013 Cliquez ici pour les R\u00e9servations de Garderie(matin, midi, soir)<\/p>\n","protected":false},"author":3,"featured_media":0,"parent":0,"menu_order":0,"comment_status":"closed","ping_status":"closed","template":"","meta":{"_uag_custom_page_level_css":"","_swt_meta_header_display":false,"_swt_meta_footer_display":false,"_swt_meta_site_title_display":true,"_swt_meta_sticky_header":false,"_swt_meta_transparent_header":false,"footnotes":""},"class_list":["post-189","page","type-page","status-publish","hentry"],"uagb_featured_image_src":{"full":false,"thumbnail":false,"medium":false,"medium_large":false,"large":false,"1536x1536":false,"2048x2048":false},"uagb_author_info":{"display_name":"Red Fang","author_link":"https:\/\/www.assoejb.fr\/index.php\/author\/redfang145321\/"},"uagb_comment_info":0,"uagb_excerpt":"R\u00e9servations Biguglia Cliquez ici pour les R\u00e9servations du mercredi &#8211;&gt; Cliquez ici pour Midi (11H20-12H20) &#8211;&gt; Cliquez ici pour les R\u00e9servations des Vacances &#8211;&gt; Borgo Toutes les r\u00e9servations concernant les sites de la commune de Borgo sont a faire sur leurs sites Castellare &lt;\u2013 Cliquez ici pour les R\u00e9servations de Garderie(matin, midi, soir)","_links":{"self":[{"href":"https:\/\/www.assoejb.fr\/index.php\/wp-json\/wp\/v2\/pages\/189","targetHints":{"allow":["GET"]}}],"collection":[{"href":"https:\/\/www.assoejb.fr\/index.php\/wp-json\/wp\/v2\/pages"}],"about":[{"href":"https:\/\/www.assoejb.fr\/index.php\/wp-json\/wp\/v2\/types\/page"}],"author":[{"embeddable":true,"href":"https:\/\/www.assoejb.fr\/index.php\/wp-json\/wp\/v2\/users\/3"}],"replies":[{"embeddable":true,"href":"https:\/\/www.assoejb.fr\/index.php\/wp-json\/wp\/v2\/comments?post=189"}],"version-history":[{"count":54,"href":"https:\/\/www.assoejb.fr\/index.php\/wp-json\/wp\/v2\/pages\/189\/revisions"}],"predecessor-version":[{"id":905,"href":"https:\/\/www.assoejb.fr\/index.php\/wp-json\/wp\/v2\/pages\/189\/revisions\/905"}],"wp:attachment":[{"href":"https:\/\/www.assoejb.fr\/index.php\/wp-json\/wp\/v2\/media?parent=189"}],"curies":[{"name":"wp","href":"https:\/\/api.w.org\/{rel}","templated":true}]}}