{"id":168,"date":"2024-03-18T11:33:37","date_gmt":"2024-03-18T10:33:37","guid":{"rendered":"https:\/\/www.assoejb.fr\/?page_id=168"},"modified":"2024-04-26T13:43:36","modified_gmt":"2024-04-26T11:43:36","slug":"casone","status":"publish","type":"page","link":"https:\/\/www.assoejb.fr\/index.php\/casone\/","title":{"rendered":"Casone"},"content":{"rendered":"\n<hr class=\"wp-block-separator has-alpha-channel-opacity is-style-swt-separator-wide-thin-line\"\/>\n\n\n\n<div class=\"wp-block-cover alignfull wp-duotone-unset-1\" style=\"margin-top:0;padding-top:48px;padding-right:48px;padding-bottom:48px;padding-left:48px;min-height:66vh;aspect-ratio:unset;\"><span aria-hidden=\"true\" class=\"wp-block-cover__background has-background-dim-10 has-background-dim\"><\/span><img loading=\"lazy\" decoding=\"async\" width=\"1280\" height=\"720\" class=\"wp-block-cover__image-background wp-image-88\" alt=\"\" src=\"https:\/\/www.assoejb.fr\/wp-content\/uploads\/2024\/03\/WhatsAppImage2021-08-11at14.18.08.jpeg\" style=\"object-position:53% 53%\" data-object-fit=\"cover\" data-object-position=\"53% 53%\" srcset=\"https:\/\/www.assoejb.fr\/wp-content\/uploads\/2024\/03\/WhatsAppImage2021-08-11at14.18.08.jpeg 1280w, https:\/\/www.assoejb.fr\/wp-content\/uploads\/2024\/03\/WhatsAppImage2021-08-11at14.18.08-300x169.jpeg 300w, https:\/\/www.assoejb.fr\/wp-content\/uploads\/2024\/03\/WhatsAppImage2021-08-11at14.18.08-1024x576.jpeg 1024w, https:\/\/www.assoejb.fr\/wp-content\/uploads\/2024\/03\/WhatsAppImage2021-08-11at14.18.08-768x432.jpeg 768w\" sizes=\"auto, (max-width: 1280px) 100vw, 1280px\" \/><div class=\"wp-block-cover__inner-container is-layout-flow wp-block-cover-is-layout-flow\">\n<div class=\"wp-block-group has-global-padding is-layout-constrained wp-container-core-group-is-layout-4582f6a7 wp-block-group-is-layout-constrained\">\n<div style=\"height:175px\" aria-hidden=\"true\" class=\"wp-block-spacer\"><\/div>\n\n\n\n<h2 class=\"wp-block-heading has-text-align-center has-white-color has-text-color\" style=\"font-size:33px;font-style:normal;font-weight:700;letter-spacing:0px;line-height:1;text-transform:uppercase\">Association Enfance et jeunesse de biguglia vous souhaite la bienvenue au casone !<\/h2>\n<\/div>\n<\/div><\/div>\n\n\n\n<div class=\"wp-block-uagb-container uagb-block-8137361e alignfull uagb-is-root-container\"><div class=\"uagb-container-inner-blocks-wrap\">\n<div class=\"wp-block-uagb-container uagb-block-689a65ad alignfull uagb-is-root-container\"><div class=\"uagb-container-inner-blocks-wrap\">\n<div class=\"wp-block-uagb-container uagb-block-7d88725f alignfull uagb-is-root-container\"><div class=\"uagb-container-inner-blocks-wrap\">\n<div class=\"wp-block-uagb-container uagb-block-720a13b4\">\n<div class=\"wp-block-uagb-image uagb-block-e79bebe4 wp-block-uagb-image--layout-default wp-block-uagb-image--effect-static wp-block-uagb-image--align-none\"><figure class=\"wp-block-uagb-image__figure\"><img decoding=\"async\" srcset=\"https:\/\/www.assoejb.fr\/wp-content\/uploads\/2024\/04\/licorne-page-001-removebg-preview.png ,https:\/\/www.assoejb.fr\/wp-content\/uploads\/2024\/04\/licorne-page-001-removebg-preview.png 780w, https:\/\/www.assoejb.fr\/wp-content\/uploads\/2024\/04\/licorne-page-001-removebg-preview.png 360w\" sizes=\"auto, (max-width: 480px) 150px\" src=\"https:\/\/www.assoejb.fr\/wp-content\/uploads\/2024\/04\/licorne-page-001-removebg-preview.png\" alt=\"\" class=\"uag-image-717\" width=\"420\" height=\"594\" title=\"licorne-page-001-removebg-preview\" loading=\"lazy\" role=\"img\"\/><\/figure><\/div>\n<\/div>\n\n\n\n<div class=\"wp-block-uagb-container uagb-block-2fdb275a\">\n<p class=\"has-text-align-left\">Notre association poss\u00e8de depuis 2019 un terrain de trois hectares en bord de mer sur le cordon de la Marana.<br><br>Situ\u00e9 au c\u0153ur de la r\u00e9serve naturelle, ce lieu bois\u00e9 nous a permis de cr\u00e9\u00e9 un outil d&rsquo;animation unique en Corse sur lequel nous pouvons accueillir plus de 300 enfants en m\u00eame temps.<br><br>Cet espace a pu \u00eatre r\u00e9aliser gr\u00e2ce au financement de la CAF de Haute Corse, il accueille principalement les enfants de nos centres de loisirs extrascolaires de Borgo et de Biguglia, mais nous permet aussi de recevoir des classes de mer et d&rsquo;autres centres de loisirs.<\/p>\n<\/div>\n<\/div><\/div>\n<\/div><\/div>\n\n\n\n<div class=\"wp-block-group has-global-padding is-layout-constrained wp-block-group-is-layout-constrained\">\n<div class=\"wp-block-uagb-container uagb-block-de8d3ab8 alignfull uagb-is-root-container\"><div class=\"uagb-container-inner-blocks-wrap\">\n<div class=\"wp-block-uagb-container uagb-block-9488dafc\">\n<h2 class=\"wp-block-heading has-text-align-center\" style=\"margin-left:50px\">Le Casone<\/h2>\n\n\n\n<p class=\"has-text-align-center\" style=\"margin-left:50px\">Le centre est compos\u00e9 des \u00e9l\u00e9ments suivants:<\/p>\n<\/div>\n\n\n\n<div class=\"wp-block-uagb-container uagb-block-8e922656\">\n<div class=\"wp-block-uagb-image aligncenter uagb-block-d53aece3 wp-block-uagb-image--layout-default wp-block-uagb-image--effect-static wp-block-uagb-image--align-center\"><figure class=\"wp-block-uagb-image__figure\"><img decoding=\"async\" srcset=\"https:\/\/www.assoejb.fr\/wp-content\/uploads\/2024\/04\/abstract-8306649_1920-removebg-preview.png ,https:\/\/www.assoejb.fr\/wp-content\/uploads\/2024\/04\/abstract-8306649_1920-removebg-preview.png 780w, https:\/\/www.assoejb.fr\/wp-content\/uploads\/2024\/04\/abstract-8306649_1920-removebg-preview.png 360w\" sizes=\"auto, (max-width: 480px) 150px\" src=\"https:\/\/www.assoejb.fr\/wp-content\/uploads\/2024\/04\/abstract-8306649_1920-removebg-preview.png\" alt=\"\" class=\"uag-image-839\" width=\"197\" height=\"78\" title=\"abstract-8306649_1920-removebg-preview\" loading=\"lazy\" role=\"img\"\/><\/figure><\/div>\n<\/div>\n<\/div><\/div>\n\n\n\n<div class=\"wp-block-group has-global-padding is-layout-constrained wp-block-group-is-layout-constrained\">\n<ul class=\"wp-block-list\">\n<li>3 hectares de terrain naturel, bois\u00e9 en bord de la plage, s\u00e9curis\u00e9, ferm\u00e9.<\/li>\n\n\n\n<li>Un local de restauration collective de 160 m\u00e8tre carr\u00e9s comprenant une salle de restauration et laboratoire de remise en temp\u00e9rature pour la liaison froide.<\/li>\n\n\n\n<li>Un local d&rsquo;hygi\u00e8ne comprenant 21 WC enfants + douches.<\/li>\n\n\n\n<li>Un local d&rsquo;activit\u00e9 de 150 m\u00e8tres carr\u00e9s comprenant quatre salles d&rsquo;activit\u00e9s, toilettes, et salle de rangement.<\/li>\n\n\n\n<li>Une plage am\u00e9nag\u00e9e avec 3p\u00e9rim\u00e8tres de baignade, 12 douches, dont deux en dur et vestiaires<\/li>\n<\/ul>\n\n\n\n<div class=\"wp-block-uagb-separator uagb-block-07fc6552 wp-block-uagb-separator--icon\"><div class=\"wp-block-uagb-separator__inner\" style=\"--my-background-image:\"><div class=\"wp-block-uagb-separator-element\"><svg xmlns=\"https:\/\/www.w3.org\/2000\/svg\" viewBox=\"0 0 576 512\"><path d=\"M180.5 141.5C219.7 108.5 272.6 80 336 80C399.4 80 452.3 108.5 491.5 141.5C530.5 174.5 558.3 213.1 572.4 241.3C577.2 250.5 577.2 261.5 572.4 270.7C558.3 298 530.5 337.5 491.5 370.5C452.3 403.5 399.4 432 336 432C272.6 432 219.7 403.5 180.5 370.5C164.3 356.7 150 341.9 137.8 327.3L48.12 379.6C35.61 386.9 19.76 384.9 9.474 374.7C-.8133 364.5-2.97 348.7 4.216 336.1L50 256L4.216 175.9C-2.97 163.3-.8133 147.5 9.474 137.3C19.76 127.1 35.61 125.1 48.12 132.4L137.8 184.7C150 170.1 164.3 155.3 180.5 141.5L180.5 141.5zM416 224C398.3 224 384 238.3 384 256C384 273.7 398.3 288 416 288C433.7 288 448 273.7 448 256C448 238.3 433.7 224 416 224z\"><\/path><\/svg><\/div><\/div><\/div>\n\n\n\n<div class=\"wp-block-group has-global-padding is-layout-constrained wp-block-group-is-layout-constrained\">\n<h2 class=\"wp-block-heading has-text-align-center\">Nos Activit\u00e9s <\/h2>\n\n\n\n<p>L&rsquo;association dispose d&rsquo;une plate forme de loisir situ\u00e9e sur le cordon lagunaire, de trois hectares, en bord de mer, ferm\u00e9e, s\u00e9curis\u00e9e et \u00e9quip\u00e9e de toutes les commodit\u00e9s.<br><\/p>\n\n\n\n<p>De plus nous installons des zones de baignades s\u00e9curis\u00e9es pour la pratique des activit\u00e9s aquatiques \u00e0 tous les \u00e2ge.<br><br><\/p>\n<\/div>\n<\/div>\n\n\n\n<div class=\"wp-block-uagb-container uagb-block-466c58b1 alignfull uagb-is-root-container\"><div class=\"uagb-container-inner-blocks-wrap\">\n<div class=\"wp-block-uagb-container uagb-block-9db894d9\">\n<div class=\"wp-block-uagb-image uagb-block-ff6c8e34 wp-block-uagb-image--layout-default wp-block-uagb-image--effect-static wp-block-uagb-image--align-none\"><figure class=\"wp-block-uagb-image__figure\"><img decoding=\"async\" srcset=\"https:\/\/www.assoejb.fr\/wp-content\/uploads\/2024\/04\/balloons-5887644_1920-edited.jpg ,https:\/\/www.assoejb.fr\/wp-content\/uploads\/2024\/04\/balloons-5887644_1920.jpg 780w, https:\/\/www.assoejb.fr\/wp-content\/uploads\/2024\/04\/balloons-5887644_1920.jpg 360w\" sizes=\"auto, (max-width: 480px) 150px\" src=\"https:\/\/www.assoejb.fr\/wp-content\/uploads\/2024\/04\/balloons-5887644_1920-edited.jpg\" alt=\"\" class=\"uag-image-828\" width=\"254\" height=\"254\" title=\"balloons-5887644_1920\" loading=\"lazy\" role=\"img\"\/><\/figure><\/div>\n<\/div>\n\n\n\n<div class=\"wp-block-uagb-container uagb-block-4bf6462c\">\n<div class=\"wp-block-uagb-container uagb-block-d8dade44 alignfull uagb-is-root-container\"><div class=\"uagb-container-inner-blocks-wrap\">\n<div class=\"wp-block-uagb-container uagb-block-8d415514\">\n<p class=\"has-text-align-center\">Notre base nautique propose la pratique des activit\u00e9s suivantes, encadr\u00e9es par des personnels sp\u00e9cialis\u00e9s et dipl\u00f4m\u00e9s :<\/p>\n\n\n\n<ul class=\"wp-block-list\" style=\"line-height:1.5\">\n<li> Voile l\u00e9g\u00e8re<\/li>\n\n\n\n<li>Kayak<\/li>\n\n\n\n<li>Paddle<\/li>\n\n\n\n<li>D\u00e9couverte du littoral et de la mer en bateau \u00e0 moteur<\/li>\n\n\n\n<li>engins tract\u00e9s<\/li>\n\n\n\n<li>Randonn\u00e9es aquatiques<\/li>\n\n\n\n<li>P\u00e8che en mer <\/li>\n<\/ul>\n<\/div>\n\n\n\n<div class=\"wp-block-uagb-container uagb-block-fa5c8cd0\"><div class=\"uagb-container__shape uagb-container__shape-bottom uagb-container__shape-above-content uagb-container__invert\" data-negative=\"false\"><svg xmlns=\"https:\/\/www.w3.org\/2000\/svg\" viewBox=\"0 0 283.5 27.8\" preserveAspectRatio=\"xMidYMax slice\"><path class=\"uagb-container__shape-fill\" d=\"M0 0v1.4c.6.7 1.1 1.4 1.4 2 2 3.8 2.2 6.6 1.8 10.8-.3 3.3-2.4 9.4 0 12.3 1.7 2 3.7 1.4 4.6-.9 1.4-3.8-.7-8.2-.6-12 .1-3.7 3.2-5.5 6.9-4.9 4 .6 4.8 4 4.9 7.4.1 1.8-1.1 7 0 8.5.6.8 1.6 1.2 2.4.5 1.4-1.1.1-5.4.1-6.9.1-3.7.3-8.6 4.1-10.5 5-2.5 6.2 1.6 5.4 5.6-.4 1.7-1 9.2 2.9 6.3 1.5-1.1.7-3.5.5-4.9-.4-2.4-.4-4.3 1-6.5.9-1.4 2.4-3.1 4.2-3 2.4.1 2.7 2.2 4 3.7 1.5 1.8 1.8 2.2 3 .1 1.1-1.9 1.2-2.8 3.6-3.3 1.3-.3 4.8-1.4 5.9-.5 1.5 1.1.6 2.8.4 4.3-.2 1.1-.6 4 1.8 3.4 1.7-.4-.3-4.1.6-5.6 1.3-2.2 5.8-1.4 7 .5 1.3 2.1.5 5.8.1 8.1s-1.2 5-.6 7.4c1.3 5.1 4.4.9 4.3-2.4-.1-4.4-2-8.8-.5-13 .9-2.4 4.6-6.6 7.7-4.5 2.7 1.8.5 7.8.2 10.3-.2 1.7-.8 4.6.2 6.2.9 1.4 2 1.5 2.6-.3.5-1.5-.9-4.5-1-6.1-.2-1.7-.4-3.7.2-5.4 1.8-5.6 3.5 2.4 6.3.6 1.4-.9 4.3-9.4 6.1-3.1.6 2.2-1.3 7.8.7 8.9 4.2 2.3 1.5-7.1 2.2-8 3.1-4 4.7 3.8 6.1 4.1 3.1.7 2.8-7.9 8.1-4.5 1.7 1.1 2.9 3.3 3.2 5.2.4 2.2-1 4.5-.6 6.6 1 4.3 4.4 1.5 4.4-1.7 0-2.7-3-8.3 1.4-9.1 4.4-.9 7.3 3.5 7.8 6.9.3 2-1.5 10.9 1.3 11.3 4.1.6-3.2-15.7 4.8-15.8 4.7-.1 2.8 4.1 3.9 6.6 1 2.4 2.1 1 2.3-.8.3-1.9-.9-3.2 1.3-4.3 5.9-2.9 5.9 5.4 5.5 8.5-.3 2-1.7 8.4 2 8.1 6.9-.5-2.8-16.9 4.8-18.7 4.7-1.2 6.1 3.6 6.3 7.1.1 1.7-1.2 8.1.6 9.1 3.5 2 1.9-7 2-8.4.2-4 1.2-9.6 6.4-9.8 4.7-.2 3.2 4.6 2.7 7.5-.4 2.2 1.3 8.6 3.8 4.4 1.1-1.9-.3-4.1-.3-6 0-1.7.4-3.2 1.3-4.6 1-1.6 2.9-3.5 5.1-2.9 2.5.6 2.3 4.1 4.1 4.9 1.9.8 1.6-.9 2.3-2.1 1.2-2.1 2.1-2.1 4.4-2.4 1.4-.2 3.6-1.5 4.9-.5 2.3 1.7-.7 4.4.1 6.5.6 1.5 2.1 1.7 2.8.3.7-1.4-1.1-3.4-.3-4.8 1.4-2.5 6.2-1.2 7.2 1 2.3 4.8-3.3 12-.2 16.3 3 4.1 3.9-2.8 3.8-4.8-.4-4.3-2.1-8.9 0-13.1 1.3-2.5 5.9-5.7 7.9-2.4 2 3.2-1.3 9.8-.8 13.4.5 4.4 3.5 3.3 2.7-.8-.4-1.9-2.4-10 .6-11.1 3.7-1.4 2.8 7.2 6.5.4 2.2-4.1 4.9-3.1 5.2 1.2.1 1.5-.6 3.1-.4 4.6.2 1.9 1.8 3.7 3.3 1.3 1-1.6-2.6-10.4 2.9-7.3 2.6 1.5 1.6 6.5 4.8 2.7 1.3-1.5 1.7-3.6 4-3.7 2.2-.1 4 2.3 4.8 4.1 1.3 2.9-1.5 8.4.9 10.3 4.2 3.3 3-5.5 2.7-6.9-.6-3.9 1-7.2 5.5-5 4.1 2.1 4.3 7.7 4.1 11.6 0 .8-.6 9.5 2.5 5.2 1.2-1.7-.1-7.7.1-9.6.3-2.9 1.2-5.5 4.3-6.2 4.5-1 7.7 1.5 7.4 5.8-.2 3.5-1.8 7.7-.5 11.1 1 2.7 3.6 2.8 5 .2 1.6-3.1 0-8.3-.4-11.6-.4-4.2-.2-7 1.8-10.8 0 0-.1.1-.1.2-.2.4-.3.7-.4.8v.1c-.1.2-.1.2 0 0v-.1l.4-.8c0-.1.1-.1.1-.2.2-.4.5-.8.8-1.2V0H0zM282.7 3.4z\"><\/path><\/svg><\/div>\n<div class=\"wp-block-uagb-image uagb-block-d878a0f7 wp-block-uagb-image--layout-default wp-block-uagb-image--effect-static wp-block-uagb-image--align-none\"><figure class=\"wp-block-uagb-image__figure\"><img decoding=\"async\" srcset=\"https:\/\/www.assoejb.fr\/wp-content\/uploads\/2024\/04\/saut_piscine-page-001-removebg-preview.png ,https:\/\/www.assoejb.fr\/wp-content\/uploads\/2024\/04\/saut_piscine-page-001-removebg-preview.png 780w, https:\/\/www.assoejb.fr\/wp-content\/uploads\/2024\/04\/saut_piscine-page-001-removebg-preview.png 360w\" sizes=\"auto, (max-width: 480px) 150px\" src=\"https:\/\/www.assoejb.fr\/wp-content\/uploads\/2024\/04\/saut_piscine-page-001-removebg-preview.png\" alt=\"\" class=\"uag-image-805\" width=\"420\" height=\"594\" title=\"saut_piscine-page-001-removebg-preview\" loading=\"lazy\" role=\"img\"\/><\/figure><\/div>\n<\/div>\n<\/div><\/div>\n<\/div>\n<\/div><\/div>\n\n\n\n<div class=\"wp-block-group has-global-padding is-layout-constrained wp-block-group-is-layout-constrained\">\n<p class=\"has-text-align-center has-large-font-size\"><strong><em>Pour plus d&rsquo;information &#8211;&gt; <a href=\"https:\/\/www.assoejb.fr\/index.php\/contact\/\" data-type=\"page\" data-id=\"32\"><mark style=\"background-color:rgba(0, 0, 0, 0);color:#ff0000\" class=\"has-inline-color\">Contacter nous<\/mark><\/a><\/em><\/strong><\/p>\n<\/div>\n<\/div>\n<\/div><\/div>\n","protected":false},"excerpt":{"rendered":"<p>Notre association poss\u00e8de depuis 2019 un terrain de trois hectares en bord de mer sur le cordon de la Marana. Situ\u00e9 au c\u0153ur de la r\u00e9serve naturelle, ce lieu bois\u00e9 nous a permis de cr\u00e9\u00e9 un outil d&rsquo;animation unique en Corse sur lequel nous pouvons accueillir plus de 300 enfants en m\u00eame temps. Cet espace [&hellip;]<\/p>\n","protected":false},"author":3,"featured_media":0,"parent":0,"menu_order":0,"comment_status":"closed","ping_status":"closed","template":"","meta":{"_uag_custom_page_level_css":"","_swt_meta_header_display":false,"_swt_meta_footer_display":false,"_swt_meta_site_title_display":true,"_swt_meta_sticky_header":false,"_swt_meta_transparent_header":false,"footnotes":""},"class_list":["post-168","page","type-page","status-publish","hentry"],"uagb_featured_image_src":{"full":false,"thumbnail":false,"medium":false,"medium_large":false,"large":false,"1536x1536":false,"2048x2048":false},"uagb_author_info":{"display_name":"Red Fang","author_link":"https:\/\/www.assoejb.fr\/index.php\/author\/redfang145321\/"},"uagb_comment_info":0,"uagb_excerpt":"Notre association poss\u00e8de depuis 2019 un terrain de trois hectares en bord de mer sur le cordon de la Marana. Situ\u00e9 au c\u0153ur de la r\u00e9serve naturelle, ce lieu bois\u00e9 nous a permis de cr\u00e9\u00e9 un outil d&rsquo;animation unique en Corse sur lequel nous pouvons accueillir plus de 300 enfants en m\u00eame temps. Cet espace\u2026","_links":{"self":[{"href":"https:\/\/www.assoejb.fr\/index.php\/wp-json\/wp\/v2\/pages\/168","targetHints":{"allow":["GET"]}}],"collection":[{"href":"https:\/\/www.assoejb.fr\/index.php\/wp-json\/wp\/v2\/pages"}],"about":[{"href":"https:\/\/www.assoejb.fr\/index.php\/wp-json\/wp\/v2\/types\/page"}],"author":[{"embeddable":true,"href":"https:\/\/www.assoejb.fr\/index.php\/wp-json\/wp\/v2\/users\/3"}],"replies":[{"embeddable":true,"href":"https:\/\/www.assoejb.fr\/index.php\/wp-json\/wp\/v2\/comments?post=168"}],"version-history":[{"count":50,"href":"https:\/\/www.assoejb.fr\/index.php\/wp-json\/wp\/v2\/pages\/168\/revisions"}],"predecessor-version":[{"id":902,"href":"https:\/\/www.assoejb.fr\/index.php\/wp-json\/wp\/v2\/pages\/168\/revisions\/902"}],"wp:attachment":[{"href":"https:\/\/www.assoejb.fr\/index.php\/wp-json\/wp\/v2\/media?parent=168"}],"curies":[{"name":"wp","href":"https:\/\/api.w.org\/{rel}","templated":true}]}}